{"id":781,"date":"2014-09-18T20:01:37","date_gmt":"2014-09-18T20:01:37","guid":{"rendered":"https:\/\/szkolyalfaiomega.pl\/?page_id=781"},"modified":"2014-09-29T09:22:51","modified_gmt":"2014-09-29T09:22:51","slug":"o-nas","status":"publish","type":"page","link":"https:\/\/szkolyalfaiomega.pl\/?page_id=781","title":{"rendered":"Programy"},"content":{"rendered":"<h3><\/h3>\n<h4>Zaj\u0119cia dla najm\u0142odszych &#8211; realizacja programu nauczania \u201eNauka i zabawa z klockami LEGO. Zaj\u0119cia z zakresu logiczno-matematycznego oraz tw\u00f3rczego my\u015blenia dla dzieci w\u00a0wieku przedszkolnym\u201d<\/h4>\n<hr>\n<address><span style=\"color: #000080;\"><em>Rozwijanie\u00a0poj\u0119\u0107 matematycznych\u00a0daje bogate mo\u017cliwo\u015bci stymulowania rozwoju dziecka.\u00a0Jest procesem ci\u0105g\u0142ym. G\u0142\u00f3wnym sposobem uczenia si\u0119 matematyki jest rozwi\u0105zywanie problem\u00f3w\/zada\u0144. Wa\u017cne jest by ich tematyka zwi\u0105zana by\u0142a z sytuacjami \u017cycia <\/em><\/span><em style=\"color: #000080;\">codziennego dziecka (tzw. blisko dziecka) i aby potrafi\u0142o ono w miar\u0119 mo\u017cliwo\u015bci samodzielnie je rozwi\u0105zywa\u0107 &#8211; nie ba\u0142o si\u0119 pr\u00f3bowa\u0107,\u00a0<\/em><em style=\"color: #000080;\">do\u015bwiadcza\u0107, kombinowa\u0107, przypuszcza\u0107, szacowa\u0107.<\/em><\/address>\n<address><span style=\"color: #000080;\"><em><strong>Profesor Edyta Gruszczyk-Kolczy\u0144ska<\/strong> wiele bada\u0144 po\u015bwieci\u0142a zagadnieniom uczenia si\u0119 matematyki przez ma\u0142e dziecko. Wskazuje na ujawnianie si\u0119 w tym okresie rozwojowym talent\u00f3w i uzdolnie\u0144 w tym zakresie. Stworzy\u0142a metod\u0119 wspomagania rozwoju umys\u0142owego dzieci, konstruuj\u0105c program, w kt\u00f3rym tre\u015bci kszta\u0142cenia podzielone s\u0105 na <strong>14 blok\u00f3w tematycznych<\/strong>:\u00a0<\/em><em>1. Orientacja przestrzenna;\u00a02. Rytmy i rytmiczna organizacja czasu;\u00a03. Przyczyna i skutek. Przewidywanie nast\u0119pstw;\u00a04. Kszta\u0142towanie umiej\u0119tno\u015bci liczenia obiekt\u00f3w;\u00a05. Dodawanie i odejmowanie, rozdawanie i rozdzielanie po kilka;\u00a06. Klasyfikacja;\u00a07. Pomaganie dzieciom u\u015bwiadomieniu sobie sta\u0142ej liczby element\u00f3w w zbiorze, chocia\u017c obserwuj\u0105 one zmiany sugeruj\u0105ce, \u017ce przedmiot\u00f3w jest wi\u0119cej lub mniej. R\u00f3wnoliczno\u015b\u0107. Przybli\u017canie dzieciom aspektu kardynalnego liczby;\u00a08. Ustawianie po kolei, numerowanie. Przybli\u017canie dzieciom aspektu porz\u0105dkowego liczby;\u00a09. D\u0142ugo\u015b\u0107: kszta\u0142towanie umiej\u0119tno\u015bci mierzenia i pomaganie dzieciom w u\u015bwiadomieniu sobie sta\u0142o\u015bci d\u0142ugo\u015bci;\u00a0<\/em><\/span><em style=\"color: #000080;\"><span style=\"color: #000080;\">10. Intuicje geometryczne;\u00a011. Kszta\u0142towanie odporno\u015bci emocjonalnej dzieci i zdolno\u015bci do wysi\u0142ku int<\/span>elektualnego;\u00a012. Pomaganie dzieciom w u\u015bwiadomieniu sobie sta\u0142ej ilo\u015bci p\u0142yn\u00f3w, chocia\u017c po przelaniu wydaje si\u0119, \u017ce jest wi\u0119cej lub mniej. Mierzenie ilo\u015bci p\u0142yn\u00f3w;\u00a013. Waga i wa\u017cenie;\u00a0<\/em><em style=\"color: #000080;\">14. Uk\u0142adanie i rozwi\u0105zywanie zada\u0144 z tre\u015bci\u0105. Zapisywanie czynno\u015bci matematycznych w spos\u00f3b dost\u0119pny dla dzieci w wieku przedszkolnym.\u00a0<\/em><em style=\"color: #000080;\">Ww. zagadnienia zosta\u0142y w\u0142\u0105czone ( jako priorytetowe) do programu stworzonego przez nas. Jego autork\u0105 jest <strong>Anna Kijo<\/strong> &#8211; <strong>za\u0142o\u017cycielka Szk\u00f3\u0142 &#8222;Alfa i Omega&#8221;<\/strong>. W ramach zaj\u0119\u0107 z dzie\u0107mi w wieku 4-5 lat realizujemy ponadto metody zaproponowane przez LEGO Education.<\/em><\/address>\n<h4 style=\"text-align: left;\">Edukacja wczesnoszkolna i szkolna\u00a0\u00a0&#8211;\u00a0realizacja programu nauczania \u201eWeso\u0142y \u015awiat Robot\u00f3w. Zaj\u0119cia z zakresu logiczno-matematycznego oraz tw\u00f3rczego my\u015blenia dla dzieci w\u00a0wieku przedszkolnym\u201d<\/h4>\n<hr>\n<address><span><em><span style=\"color: #000080;\">Warsztaty z robotyki wprowadzaj\u0105 dzieci w \u015bwiat nauki i nowoczesnych technologii. Pracujemy wed\u0142ug metody\u00a0<\/span><strong style=\"color: #000080;\">Lego Education<\/strong><span style=\"color: #000080;\">, wykorzystuj\u0105c nowoczesne narz\u0119dzia edukacyjne w postaci zestaw\u00f3w klock\u00f3w\u00a0<\/span><strong style=\"color: #000080;\">LEGO WeDo I LEGO Mindstorms EV3<\/strong><span style=\"color: #000080;\">\u00a0oraz komputer\u00f3w. Pod okiem wykwalifikowanych instruktor\u00f3w dzieci zamieniaj\u0105 si\u0119 w m\u0142odych naukowc\u00f3w buduj\u0105c, programuj\u0105c i o\u017cywiaj\u0105c swoje roboty. Podczas zaj\u0119\u0107 poprzez zabaw\u0119\u00a0 dzieci zdobywaj\u0105 w praktyce\u00a0 wiedz\u0119 z r\u00f3\u017cnych dziedzin nauki: matematyki, fizyki, informatyki, automatyki. Rozwijaj\u0105 kreatywno\u015b\u0107, ucz\u0105 si\u0119 logicznego my\u015blenia i rozwi\u0105zywania problem\u00f3w. Programy oraz scenariusze zaj\u0119\u0107 z robotyki przygotowane zosta\u0142y przez autork\u0119 podr\u0119cznik\u00f3w do zaj\u0119\u0107 komputerowych dla klas I-III i IV-VI szko\u0142y podstawowej\u00a0<\/span><strong style=\"color: #000080;\">z serii Klik-Plik<\/strong><span style=\"color: #000080;\">\u00a0(Wydawnictwo Szkolne PWN) &#8211;\u00a0<\/span><strong style=\"color: #000080;\">Ann\u0119 Kijo<\/strong><span style=\"color: #000080;\">. Autorka od lat zajmuje si\u0119 edukacj\u0105 komputerow\u0105 dzieci i m\u0142odzie\u017cy. W swoich publikacjach propaguje aktywne metody pracy oraz tw\u00f3rcze rozwi\u0105zywanie problem\u00f3w za pomoc\u0105 komputera. Prowadzi edukacj\u0119 na rzecz bezpiecznego Internetu, wykorzystywania multimedi\u00f3w i nowych technologii podczas zaj\u0119\u0107 szkolnych.<\/span><\/em><\/span><\/address>\n<hr \/>\n<p><strong>Dlaczego warto ucz\u0119szcza\u0107 na nasze zaj\u0119cia<\/strong><\/p>\n<p>&#8211; wykorzystuj\u0105c klocki LEGO\u00a0nabywaj\u0105\u00a0 umiej\u0119tno\u015bci logicznego my\u015blenia i rozwi\u0105zywania problem\u00f3w<br \/>\n&#8211; projektuj\u0105c i buduj\u0105c roboty dzieci rozwijaj\u0105 wyobra\u017ani\u0119 i pobudzaj\u0105 kreatywno\u015b\u0107<br \/>\n&#8211; \u00a0systematyczne zaj\u0119cia, jeden raz w tygodniu, sprzyjaj\u0105 przyswajaniu wiedzy i umiej\u0119tno\u015bci<br \/>\n&#8211; \u00a0ucz\u0105 pracy w zespole, kszta\u0142tuj\u0105 pozytywne postawy spo\u0142eczne<br \/>\n&#8211; sukcesywnie\u00a0 podnosz\u0105 umiej\u0119tno\u015bci interpersonalne<br \/>\n&#8211; poprzez zabaw\u0119 i praktyk\u0119 dzieci z \u0142atwo\u015bci\u0105 przyswajaj\u0105 wiedz\u0119 z zakresu m.in. matematyki, informatyki, fizyki, automatyki.<\/p>\n","protected":false},"excerpt":{"rendered":"<p>Zaj\u0119cia dla najm\u0142odszych &#8211; realizacja programu nauczania \u201eNauka i zabawa z klockami LEGO. Zaj\u0119cia z zakresu logiczno-matematycznego oraz tw\u00f3rczego my\u015blenia dla dzieci w\u00a0wieku przedszkolnym\u201d Rozwijanie\u00a0poj\u0119\u0107 matematycznych\u00a0daje bogate mo\u017cliwo\u015bci stymulowania rozwoju dziecka.\u00a0Jest procesem ci\u0105g\u0142ym. G\u0142\u00f3wnym sposobem uczenia si\u0119 matematyki jest rozwi\u0105zywanie problem\u00f3w\/zada\u0144. Wa\u017cne jest by ich tematyka zwi\u0105zana by\u0142a z sytuacjami \u017cycia codziennego dziecka (tzw. blisko [&hellip;]<\/p>\n","protected":false},"author":1,"featured_media":0,"parent":0,"menu_order":0,"comment_status":"closed","ping_status":"closed","template":"","meta":{"footnotes":""},"_links":{"self":[{"href":"https:\/\/szkolyalfaiomega.pl\/index.php?rest_route=\/wp\/v2\/pages\/781"}],"collection":[{"href":"https:\/\/szkolyalfaiomega.pl\/index.php?rest_route=\/wp\/v2\/pages"}],"about":[{"href":"https:\/\/szkolyalfaiomega.pl\/index.php?rest_route=\/wp\/v2\/types\/page"}],"author":[{"embeddable":true,"href":"https:\/\/szkolyalfaiomega.pl\/index.php?rest_route=\/wp\/v2\/users\/1"}],"replies":[{"embeddable":true,"href":"https:\/\/szkolyalfaiomega.pl\/index.php?rest_route=%2Fwp%2Fv2%2Fcomments&post=781"}],"version-history":[{"count":30,"href":"https:\/\/szkolyalfaiomega.pl\/index.php?rest_route=\/wp\/v2\/pages\/781\/revisions"}],"predecessor-version":[{"id":813,"href":"https:\/\/szkolyalfaiomega.pl\/index.php?rest_route=\/wp\/v2\/pages\/781\/revisions\/813"}],"wp:attachment":[{"href":"https:\/\/szkolyalfaiomega.pl\/index.php?rest_route=%2Fwp%2Fv2%2Fmedia&parent=781"}],"curies":[{"name":"wp","href":"https:\/\/api.w.org\/{rel}","templated":true}]}}