{"id":575,"date":"2014-08-08T10:20:09","date_gmt":"2014-08-08T10:20:09","guid":{"rendered":"https:\/\/szkolyalfaiomega.pl\/?page_id=575"},"modified":"2017-03-29T07:32:56","modified_gmt":"2017-03-29T07:32:56","slug":"grafik-zajec-201314","status":"publish","type":"page","link":"https:\/\/szkolyalfaiomega.pl\/?page_id=575","title":{"rendered":"Grafik 2016\/2017"},"content":{"rendered":"<h4 style=\"text-align: center;\"><strong>\u00a0H<\/strong>armonogram zaj\u0119\u0107 na rok szkolny 2016\/2017!<\/h4>\n<h3><span style=\"color: #993300;\">13 kwietnia 2017, czwartek (Wielki Czwartek)<\/span><\/h3>\n<p style=\"text-align: left;\">Centrum Edukacyjne &#8211; \u0141\u00f3d\u017a, ul. Piotrkowska 67<\/p>\n<p style=\"text-align: left;\">Zapraszamy na dodatkowe warsztaty wszystkich tych uczni\u00f3w, kt\u00f3rzy z powodu choroby nie uczestniczyli w zaj\u0119ciach planowych. Prosimy o zg\u0142oszenie na: biuro@szkolyalfaiomega.pl (nale\u017cy poda\u0107 imi\u0119 i nazwisko dziecka oraz wybra\u0107 godzin\u0119)<\/p>\n<ul>\n<li>9.00-10.30 zaj\u0119cia LEGO WeDo 2 (6-9 lat)<\/li>\n<li>10.30-12.00 zaj\u0119cia LEGO WeDo 1 (6-9 lat)<\/li>\n<li>12.00-13.30 zaj\u0119cia \u00a0szachowe\u00a0(6-9 lat)<\/li>\n<li>14.00-15.30 zaj\u0119cia\u00a0WeDo 2 (6-9 lat)<\/li>\n<li>16.00-17.30 zaj\u0119cia LEGO Duplo Education (3-5 lat)<\/li>\n<li>17.30-19.00 zaj\u0119cia LEGO Mindstorms EV3<\/li>\n<\/ul>\n<p style=\"text-align: left;\"><strong>GRAFIK ZAJ\u0118\u0106 <\/strong><\/p>\n<p><a href=\"https:\/\/szkolyalfaiomega.pl\/wp-content\/uploads\/2017\/01\/ZAJ\u0118CIA-ZORGANIZOWANE_grafik_aktualny_2016_2017_WWW1.pdf\" target=\"_blank\">&#8230;zobacz grafik na nowy semestr&#8230;<\/a><\/p>\n<p>&nbsp;<\/p>\n<h3 style=\"text-align: left;\"><a href=\"https:\/\/szkolyalfaiomega.pl\/?page_id=161\" target=\"_blank\">Jak zapisa\u0107 si\u0119?<\/a> \u00a0 \u00a0 \u00a0 \u00a0<a style=\"font-size: 1.17em;\" href=\"https:\/\/szkolyalfaiomega.pl\/?page_id=158\" target=\"_blank\">Jak dojecha\u0107?<\/a>\u00a0 \u00a0 \u00a0 \u00a0<a href=\"https:\/\/szkolyalfaiomega.pl\/?page_id=160\" target=\"_blank\">Jak zap\u0142aci\u0107?<\/a><\/h3>\n<p><a href=\"https:\/\/szkolyalfaiomega.pl\/wp-content\/uploads\/2014\/08\/OFERTA_Szkoly-Alfa-i-Omega.pdf\" target=\"_blank\"><img loading=\"lazy\" decoding=\"async\" class=\"wp-image-675 alignright\" alt=\"\" src=\"https:\/\/szkolyalfaiomega.pl\/wp-content\/uploads\/2014\/08\/reklama3.jpg\" width=\"328\" height=\"227\" srcset=\"https:\/\/szkolyalfaiomega.pl\/wp-content\/uploads\/2014\/08\/reklama3.jpg 972w, https:\/\/szkolyalfaiomega.pl\/wp-content\/uploads\/2014\/08\/reklama3-300x207.jpg 300w\" sizes=\"(max-width: 328px) 100vw, 328px\" \/><\/a><\/p>\n<h4>Umowa \u00a0<a href=\"https:\/\/szkolyalfaiomega.pl\/wp-content\/uploads\/2016\/09\/Umowa_z_rodzicami_warsztaty_2017.pdf\" target=\"_blank\">&#8230;pobierz&#8230;<\/a><\/h4>\n<p><strong style=\"text-align: center;\">Oferta zaj\u0119\u0107 &#8211; zestawy klock\u00f3w<\/strong><\/p>\n<h5>przedszkole (2-6 lat)<\/h5>\n<p><a href=\"https:\/\/szkolyalfaiomega.pl\/wp-content\/uploads\/2016\/09\/Oferta_2016_Szko\u0142y-ALFAiOMEGA_przedszkole.pdf\" target=\"_blank\"><img loading=\"lazy\" decoding=\"async\" class=\"alignleft  wp-image-1796\" alt=\"przedszkole\" src=\"https:\/\/szkolyalfaiomega.pl\/wp-content\/uploads\/2016\/09\/przedszkole-300x155.png\" width=\"192\" height=\"100\" srcset=\"https:\/\/szkolyalfaiomega.pl\/wp-content\/uploads\/2016\/09\/przedszkole-300x155.png 300w, https:\/\/szkolyalfaiomega.pl\/wp-content\/uploads\/2016\/09\/przedszkole.png 594w\" sizes=\"(max-width: 192px) 100vw, 192px\" \/><\/a><\/p>\n<p>&nbsp;<\/p>\n<p>&nbsp;<\/p>\n<p>&nbsp;<\/p>\n<p><strong>Oferta zaj\u0119\u0107 &#8211; zestawy klock\u00f3w, robot\u00f3w<\/strong><\/p>\n<h5>szko\u0142a (6-15 lat)<\/h5>\n<p><a href=\"https:\/\/szkolyalfaiomega.pl\/wp-content\/uploads\/2016\/09\/Oferta_2016_Szko\u0142y-ALFAiOMEGA_szko\u0142a.pdf\" target=\"_blank\"><img loading=\"lazy\" decoding=\"async\" class=\"alignleft  wp-image-1797\" alt=\"szkola\" src=\"https:\/\/szkolyalfaiomega.pl\/wp-content\/uploads\/2016\/09\/szkola.png\" width=\"204\" height=\"104\" srcset=\"https:\/\/szkolyalfaiomega.pl\/wp-content\/uploads\/2016\/09\/szkola.png 588w, https:\/\/szkolyalfaiomega.pl\/wp-content\/uploads\/2016\/09\/szkola-300x155.png 300w\" sizes=\"(max-width: 204px) 100vw, 204px\" \/><\/a><\/p>\n<p>&nbsp;<\/p>\n<p>&nbsp;<\/p>\n<p>&nbsp;<\/p>\n<p>&nbsp;<\/p>\n<p><strong>GRAFIK ZAJ\u0118\u0106<\/strong><\/p>\n<p>&nbsp;<\/p>\n<pre>...zobacz...<\/pre>\n<p>&nbsp;<\/p>\n<h4 style=\"text-align: center;\">O\u015aRODKI EDUKACYJNE, w kt\u00f3rych odbywaj\u0105 si\u0119 nasze zaj\u0119cia w roku szkolnym 2016\/2017:<\/h4>\n<h3>Aleksandr\u00f3w:<\/h3>\n<p>N.J.O. &#8222;S\u00f3wka&#8221;, Przedszkole &#8222;Bajkowe Ogrody&#8221;<\/p>\n<h3>Be\u0142chat\u00f3w:<\/h3>\n<p>Przedszkole &#8222;Jab\u0142uszko&#8221;, Szko\u0142a Podstawowa Nr 1<\/p>\n<h3>Brzeziny:<\/h3>\n<p>Szko\u0142a Podstawowa Nr 1, Szko\u0142a Podstawowa Nr 2<\/p>\n<h3>\u0141\u00f3d\u017a:<\/h3>\n<p>Przedszkole &#8222;Ma\u0142e Or\u0142y&#8221;, Przedszkole &#8222;ABiS&#8221;, Przedszkole &#8222;Papierowy wiatraczek&#8221;, Przedszkole &#8222;Anio\u0142kowo&#8221;, Przedszkole &#8222;Mi Mundo&#8221;, Przedszkole &#8222;Bajkowe ogrody&#8221;, Przedszkole &#8222;Lalibu&#8221;<\/p>\n<p>Szko\u0142a Podstawowa Nr 79, Szko\u0142a Podstawowa Nr 137, Szko\u0142a Podstawowa Nr 149, Szko\u0142a Podstawowa Nr 182, Szko\u0142a Podstawowa Nr 204, Szko\u0142a Podstawowa ABiS, Szko\u0142a Podstawowa Nr 1, Szko\u0142a Podstawowa STO.<\/p>\n<p>Biblioteka, ul. \u017bubardzka 3, Biblioteka, ul. \u0141agiewnicka, Biblioteka, ul. Tomaszewicza 2, Biblioteka, ul. Tatrza\u0144ska 63<\/p>\n<p>Centrum Edukacyjne, ul. Piotrkowska 67, Pracownia &#8222;Papierowy wiatraczek&#8221;, Klubokawiarnia &#8222;Cotton Mill&#8221;, Klubokawiarnia &#8222;R\u00f3\u017cowe Okulary&#8221;<\/p>\n<h3>Nowosolna:<\/h3>\n<p>N.J.O. &#8222;S\u00f3wka-Nowosolna&#8221;<\/p>\n<p>&nbsp;<\/p>\n<p>We wszystkich plac\u00f3wkach <strong>na bie\u017c\u0105co<\/strong> trwa rekrutacja.\u00a0<strong>Mo\u017cna zapisa\u0107 si\u0119 w ka\u017cdej chwili.<\/strong><\/p>\n<pre><a style=\"font-size: 1em;\" href=\"https:\/\/szkolyalfaiomega.pl\/?page_id=165\" target=\"_blank\">Cennik<\/a>\u00a0- Zapraszamy<\/pre>\n<p>&nbsp;<\/p>\n","protected":false},"excerpt":{"rendered":"<p>\u00a0Harmonogram zaj\u0119\u0107 na rok szkolny 2016\/2017! 13 kwietnia 2017, czwartek (Wielki Czwartek) Centrum Edukacyjne &#8211; \u0141\u00f3d\u017a, ul. Piotrkowska 67 Zapraszamy na dodatkowe warsztaty wszystkich tych uczni\u00f3w, kt\u00f3rzy z powodu choroby nie uczestniczyli w zaj\u0119ciach planowych. Prosimy o zg\u0142oszenie na: biuro@szkolyalfaiomega.pl (nale\u017cy poda\u0107 imi\u0119 i nazwisko dziecka oraz wybra\u0107 godzin\u0119) 9.00-10.30 zaj\u0119cia LEGO WeDo 2 (6-9 [&hellip;]<\/p>\n","protected":false},"author":1,"featured_media":0,"parent":0,"menu_order":0,"comment_status":"closed","ping_status":"closed","template":"","meta":{"footnotes":""},"_links":{"self":[{"href":"https:\/\/szkolyalfaiomega.pl\/index.php?rest_route=\/wp\/v2\/pages\/575"}],"collection":[{"href":"https:\/\/szkolyalfaiomega.pl\/index.php?rest_route=\/wp\/v2\/pages"}],"about":[{"href":"https:\/\/szkolyalfaiomega.pl\/index.php?rest_route=\/wp\/v2\/types\/page"}],"author":[{"embeddable":true,"href":"https:\/\/szkolyalfaiomega.pl\/index.php?rest_route=\/wp\/v2\/users\/1"}],"replies":[{"embeddable":true,"href":"https:\/\/szkolyalfaiomega.pl\/index.php?rest_route=%2Fwp%2Fv2%2Fcomments&post=575"}],"version-history":[{"count":171,"href":"https:\/\/szkolyalfaiomega.pl\/index.php?rest_route=\/wp\/v2\/pages\/575\/revisions"}],"predecessor-version":[{"id":579,"href":"https:\/\/szkolyalfaiomega.pl\/index.php?rest_route=\/wp\/v2\/pages\/575\/revisions\/579"}],"wp:attachment":[{"href":"https:\/\/szkolyalfaiomega.pl\/index.php?rest_route=%2Fwp%2Fv2%2Fmedia&parent=575"}],"curies":[{"name":"wp","href":"https:\/\/api.w.org\/{rel}","templated":true}]}}