{"id":562,"date":"2014-08-08T09:52:39","date_gmt":"2014-08-08T09:52:39","guid":{"rendered":"https:\/\/szkolyalfaiomega.pl\/?page_id=562"},"modified":"2019-10-29T16:35:04","modified_gmt":"2019-10-29T16:35:04","slug":"drzwi-otwarte","status":"publish","type":"page","link":"https:\/\/szkolyalfaiomega.pl\/?page_id=562","title":{"rendered":"Rok szkolny 2019\/2020"},"content":{"rendered":"<h4>\u00a0Zadzwo\u0144! tel. <strong style=\"font-family: Consolas, Monaco, monospace; font-size: 12px; line-height: 18px;\">732 636 604, 605 889 473<\/strong> &#8211; uzyskaj wi\u0119cej informacji<\/h4>\n<h3>PE\u0141NA OFERTA &#8211; <span style=\"color: #ff0000;\"><span style=\"color: #ff0000;\">&#8230;zobacz&#8230;<\/span><\/span><\/h3>\n<h4>Chcesz, by twoje dziecko uczestniczy\u0142o w naszych warsztatach?<\/h4>\n<ul>\n<li>Otw\u00f3rz wybrany grafik zaj\u0119\u0107 (nazwa plac\u00f3wki, szko\u0142y, przedszkola)\u00a0 &#8211; dost\u0119pny poni\u017cej<\/li>\n<li>Wybierz dzie\u0144, godzin\u0119 i grup\u0119 wiekow\u0105<\/li>\n<li>Korzystaj\u0105c z adresu mailowego:<strong> biuro@szkolyalfaiomega.pl<\/strong> lub <a href=\"https:\/\/szkolyalfaiomega.pl\/?page_id=2167\" target=\"_blank\" rel=\"noopener noreferrer\"><strong>formularza zg\u0142oszeniowego<\/strong><\/a> podaj:\n<ul>\n<li>\u00a0imi\u0119 i nazwisko dziecka, wiek dziecka,<\/li>\n<li>numer telefonu kontaktowego do rodzica\/opiekuna<\/li>\n<li>nazw\u0119 plac\u00f3wki, szko\u0142y, przedszkola (je\u015bli nie na jeszcze dost\u0119pnego grafiku zaj\u0119\u0107)<\/li>\n<li><em>mo\u017cesz tak\u017ce wpisa\u0107 uwagi typu:<\/em> dziecko ju\u017c uczestniczy\u0142o&#8230;, chc\u0119 by moje dziecko chodzi\u0142o do jednej grupy z&#8230;, nigdy nie uczestniczy\u0142&#8230;, jest uzdolniona&#8230;, itp.<\/li>\n<\/ul>\n<\/li>\n<\/ul>\n<p>Zapiszemy dziecko na list\u0119\u00a0 |<br \/>\nOdpiszemy na wiadomo\u015b\u0107 mailow\u0105\u00a0 |<br \/>\nZadzwonimy lub wy\u015blemy wiadomo\u015b\u0107 SMS, by powiadomi\u0107 o rozpocz\u0119ciu zaj\u0119\u0107\u00a0 |<\/p>\n<h3><span style=\"color: #ff0000;\">Rok Szkolny<\/span> &#8211; 2019\/20 &#8211; nowy GRAFIK zaj\u0119\u0107!<\/h3>\n<h4>Centrum edukacyjne, ul. Piotrkowska 67 &#8211; <a href=\"https:\/\/szkolyalfaiomega.pl\/wp-content\/uploads\/2019\/08\/Harmonogram_2019_20_PIOTRKOWSKA_25.08.19.pdf\" target=\"_blank\" rel=\"noopener noreferrer\"><span style=\"color: #ff0000;\">[<\/span><\/a><a href=\"https:\/\/szkolyalfaiomega.pl\/wp-content\/uploads\/2019\/09\/Harmonogram_2019_20_PIOTRKOWSKA_25.09.19.pdf\" target=\"_blank\" rel=\"noopener noreferrer\"><span style=\"color: #ff0000;\">&#8230;zobacz&#8230;<\/span><\/a><a href=\"https:\/\/szkolyalfaiomega.pl\/wp-content\/uploads\/2019\/08\/Harmonogram_2019_20_PIOTRKOWSKA_25.08.19.pdf\" target=\"_blank\" rel=\"noopener noreferrer\"><span style=\"color: #ff0000;\">]<\/span><\/a><\/h4>\n<ul>\n<li>harmonogram zaj\u0119\u0107 &#8211; I\u00a0 cykl: sobota (28.09, 05.10, 12.10, 19.10, 26.10, 09.11, 16.11, 23.11, 30.11, 07.12)<\/li>\n<\/ul>\n<h4>Centrum edukacyjne, ul. Pomorska 96 &#8211; <a href=\"https:\/\/szkolyalfaiomega.pl\/wp-content\/uploads\/2019\/08\/Harmonogram_2019_20_POMORSKA_25.08.19.pdf\" target=\"_blank\" rel=\"noopener noreferrer\"><span style=\"color: #ff0000;\">[<\/span><\/a><a href=\"https:\/\/szkolyalfaiomega.pl\/wp-content\/uploads\/2019\/09\/Harmonogram_2019_20_POMORSKA_10.09.19.pdf\" target=\"_blank\" rel=\"noopener noreferrer\"><span style=\"color: #ff0000;\">&#8230;zobacz&#8230;<\/span><\/a><a href=\"https:\/\/szkolyalfaiomega.pl\/wp-content\/uploads\/2019\/08\/Harmonogram_2019_20_POMORSKA_25.08.19.pdf\" target=\"_blank\" rel=\"noopener noreferrer\"><span style=\"color: #ff0000;\">]<\/span><\/a><\/h4>\n<ul>\n<li>harmonogram zaj\u0119\u0107 &#8211; I\u00a0 cykl: pn.\u00a0(23.09, 30.09, 07.10, 14.10, 21.10, 28.10, 04.11, 18.11, 25.11, 02.12)<\/li>\n<li>harmonogram zaj\u0119\u0107 &#8211; I\u00a0 cykl: \u015br. (02.10, 09.10, 16.10, 23.10, 30.10, 06.11, 13.11, 20.11, 27.11, 04.12)<\/li>\n<li>harmonogram zaj\u0119\u0107 &#8211; I\u00a0 cykl: czw. (03.10, 10.10, 17.10, 24.10, 31.10, 07.11, 14.11, 21.11, 28.11, 05.12)<\/li>\n<\/ul>\n<h4>Szko\u0142a podstawowa Nr 149, ul. Tatrza\u0144ska &#8211;<span style=\"color: #ff0000;\"> <a style=\"color: #ff0000;\" href=\"https:\/\/szkolyalfaiomega.pl\/wp-content\/uploads\/2019\/08\/Harmonogram_2019_20_TATARZANSKA_25.08.19.pdf\" target=\"_blank\" rel=\"noopener noreferrer\">[&#8230;zobacz&#8230;]<\/a><\/span><\/h4>\n<ul>\n<li>harmonogram zaj\u0119\u0107 &#8211; I\u00a0 cykl: pn. (28.10, 04.11, 18.11, 25.11, 02.12, 09.12, 16.12, 27.01, 03.02, 10.02)<\/li>\n<\/ul>\n<h4>Szko\u0142a podstawowa i przedszkole, Bukowiec &#8211;<span style=\"color: #ff0000;\"> <a style=\"color: #ff0000;\" href=\"https:\/\/szkolyalfaiomega.pl\/wp-content\/uploads\/2019\/08\/Harmonogram_2019_20_TATARZANSKA_25.08.19.pdf\" target=\"_blank\" rel=\"noopener noreferrer\">[<\/a><a style=\"color: #ff0000;\" href=\"https:\/\/szkolyalfaiomega.pl\/wp-content\/uploads\/2019\/09\/Harmonogram_2019_20_BUKOWIEC_10.09.19.pdf\" target=\"_blank\" rel=\"noopener noreferrer\">&#8230;zobacz&#8230;<\/a><a style=\"color: #ff0000;\" href=\"https:\/\/szkolyalfaiomega.pl\/wp-content\/uploads\/2019\/08\/Harmonogram_2019_20_TATARZANSKA_25.08.19.pdf\" target=\"_blank\" rel=\"noopener noreferrer\">]<\/a><\/span><\/h4>\n<ul>\n<li>harmonogram zaj\u0119\u0107 &#8211; I\u00a0 cykl: czw. (03.10, 10.10, 17.10, 24.10, 31.10, 07.11, 14.11, 21.11, 28.11, 05.12)<\/li>\n<\/ul>\n<h4>Przedszkole &#8222;Bajkowe Ogrody&#8221;, Aleksandr\u00f3w \u0141. &#8211;<span style=\"color: #ff0000;\"> <a style=\"color: #ff0000;\" href=\"https:\/\/szkolyalfaiomega.pl\/wp-content\/uploads\/2019\/08\/Harmonogram_2019_20_TATARZANSKA_25.08.19.pdf\" target=\"_blank\" rel=\"noopener noreferrer\">[<\/a>&#8230;zobacz&#8230;<a style=\"color: #ff0000;\" href=\"https:\/\/szkolyalfaiomega.pl\/wp-content\/uploads\/2019\/08\/Harmonogram_2019_20_TATARZANSKA_25.08.19.pdf\" target=\"_blank\" rel=\"noopener noreferrer\">]<\/a><\/span><\/h4>\n<ul>\n<li>harmonogram zaj\u0119\u0107 &#8211; I\u00a0 cykl: \u015br. (02.10, 09.10, 16.10, 23.10, 30.10, 06.11, 13.11, 20.11, 27.11, 04.12)<\/li>\n<\/ul>\n<h4>Przedszkole Nr 5, Aleksandr\u00f3w \u0141. &#8211;<span style=\"color: #ff0000;\"> <a style=\"color: #ff0000;\" href=\"https:\/\/szkolyalfaiomega.pl\/wp-content\/uploads\/2019\/08\/Harmonogram_2019_20_TATARZANSKA_25.08.19.pdf\" target=\"_blank\" rel=\"noopener noreferrer\">[<\/a>&#8230;zobacz&#8230;<a style=\"color: #ff0000;\" href=\"https:\/\/szkolyalfaiomega.pl\/wp-content\/uploads\/2019\/08\/Harmonogram_2019_20_TATARZANSKA_25.08.19.pdf\" target=\"_blank\" rel=\"noopener noreferrer\">]<\/a><\/span><\/h4>\n<ul>\n<li>harmonogram zaj\u0119\u0107 &#8211; I\u00a0 cykl: \u015br (02.10, 09.10, 16.10, 23.10, 30.10, 06.11, 13.11, 20.11, 27.11, 04.12)<\/li>\n<\/ul>\n<h4>Przedszkole Nr 30, \u0141\u00f3d\u017a &#8211;<span style=\"color: #ff0000;\"> <a style=\"color: #ff0000;\" href=\"https:\/\/szkolyalfaiomega.pl\/wp-content\/uploads\/2019\/08\/Harmonogram_2019_20_TATARZANSKA_25.08.19.pdf\" target=\"_blank\" rel=\"noopener noreferrer\">[<\/a>&#8230;zobacz&#8230;<a style=\"color: #ff0000;\" href=\"https:\/\/szkolyalfaiomega.pl\/wp-content\/uploads\/2019\/08\/Harmonogram_2019_20_TATARZANSKA_25.08.19.pdf\" target=\"_blank\" rel=\"noopener noreferrer\">]<\/a><\/span><\/h4>\n<ul>\n<li>harmonogram zaj\u0119\u0107 &#8211; I\u00a0 cykl: pn. (09.10, 16.10, 28.10, 04.11, 18.11, 25.11, 02.12, 09.12, 16.12, 27.01)<\/li>\n<\/ul>\n<h4>Przedszkole Nr 125, \u0141\u00f3d\u017a &#8211;<span style=\"color: #ff0000;\"> <a style=\"color: #ff0000;\" href=\"https:\/\/szkolyalfaiomega.pl\/wp-content\/uploads\/2019\/08\/Harmonogram_2019_20_TATARZANSKA_25.08.19.pdf\" target=\"_blank\" rel=\"noopener noreferrer\">[<\/a>&#8230;zobacz&#8230;<a style=\"color: #ff0000;\" href=\"https:\/\/szkolyalfaiomega.pl\/wp-content\/uploads\/2019\/08\/Harmonogram_2019_20_TATARZANSKA_25.08.19.pdf\" target=\"_blank\" rel=\"noopener noreferrer\">]<\/a><\/span><\/h4>\n<ul>\n<li>harmonogram zaj\u0119\u0107 &#8211; I\u00a0 cykl: pn. (30.09, 07.10, 14.10, 21.10, 28.10, 04.11, 18.11, 25.11, 02.12, 09.12)<\/li>\n<\/ul>\n<h4>Szko\u0142a podstawowa i przedszkole TPZ, Zgierz &#8211;<span style=\"color: #ff0000;\"> <a style=\"color: #ff0000;\" href=\"https:\/\/szkolyalfaiomega.pl\/wp-content\/uploads\/2019\/08\/Harmonogram_2019_20_TATARZANSKA_25.08.19.pdf\" target=\"_blank\" rel=\"noopener noreferrer\">[<\/a>&#8230;zobacz&#8230;<a style=\"color: #ff0000;\" href=\"https:\/\/szkolyalfaiomega.pl\/wp-content\/uploads\/2019\/08\/Harmonogram_2019_20_TATARZANSKA_25.08.19.pdf\" target=\"_blank\" rel=\"noopener noreferrer\">]<\/a><\/span><\/h4>\n<ul>\n<li>harmonogram zaj\u0119\u0107 &#8211; I\u00a0 cykl: wt. (08.10, 15.10, 22.10, 29.10, 05.11, 12.11, 19.11, 26.11, 03.12, 10.12)<\/li>\n<\/ul>\n<h4>Szko\u0142a podstawowa STO, ul. Pasjonist\u00f3w &#8211;<span style=\"color: #ff0000;\"> <a style=\"color: #ff0000;\" href=\"https:\/\/szkolyalfaiomega.pl\/wp-content\/uploads\/2019\/08\/Harmonogram_2019_20_TATARZANSKA_25.08.19.pdf\" target=\"_blank\" rel=\"noopener noreferrer\">[<\/a>&#8230;zobacz&#8230;<a style=\"color: #ff0000;\" href=\"https:\/\/szkolyalfaiomega.pl\/wp-content\/uploads\/2019\/08\/Harmonogram_2019_20_TATARZANSKA_25.08.19.pdf\" target=\"_blank\" rel=\"noopener noreferrer\">]<\/a><\/span><\/h4>\n<ul>\n<li>harmonogram zaj\u0119\u0107 &#8211; I\u00a0 cykl: wt. (01.10, 08.10, 15.10, 22.10, 29.10, 05.11, 12.11, 19.11, 26.11, 03.12)<\/li>\n<\/ul>\n<h4>Przedszkole &#8222;Ma\u0142e Or\u0142y&#8221;, \u0141\u00f3d\u017a &#8211;<span style=\"color: #ff0000;\"> <a style=\"color: #ff0000;\" href=\"https:\/\/szkolyalfaiomega.pl\/wp-content\/uploads\/2019\/08\/Harmonogram_2019_20_TATARZANSKA_25.08.19.pdf\" target=\"_blank\" rel=\"noopener noreferrer\">[<\/a>&#8230;zobacz&#8230;<a style=\"color: #ff0000;\" href=\"https:\/\/szkolyalfaiomega.pl\/wp-content\/uploads\/2019\/08\/Harmonogram_2019_20_TATARZANSKA_25.08.19.pdf\" target=\"_blank\" rel=\"noopener noreferrer\">]<\/a><\/span><\/h4>\n<ul>\n<li>harmonogram zaj\u0119\u0107 &#8211; I\u00a0 cykl: wt. (08.10, 15.10, 22.10, 29.10, 05.11, 12.11, 19.11, 26.11, 03.12, 10.12)<\/li>\n<\/ul>\n<h4>Szko\u0142a podstawowa Nr 2, Tuszyn Las &#8211;<span style=\"color: #ff0000;\"> <a style=\"color: #ff0000;\" href=\"https:\/\/szkolyalfaiomega.pl\/wp-content\/uploads\/2019\/08\/Harmonogram_2019_20_TATARZANSKA_25.08.19.pdf\" target=\"_blank\" rel=\"noopener noreferrer\">[<\/a>&#8230;zobacz&#8230;<a style=\"color: #ff0000;\" href=\"https:\/\/szkolyalfaiomega.pl\/wp-content\/uploads\/2019\/08\/Harmonogram_2019_20_TATARZANSKA_25.08.19.pdf\" target=\"_blank\" rel=\"noopener noreferrer\">]<\/a><\/span><\/h4>\n<ul>\n<li>harmonogram zaj\u0119\u0107 &#8211; I\u00a0 cykl: pt. (18.10, 25.10, 08.11, 15.11, 22.11, 29.11, 06.12, 13.12, 20.12, 03.01)<\/li>\n<\/ul>\n<hr \/>\n<h3><span style=\"color: #ff0000;\">UMOWA<\/span>\u00a0do pobrania [<a href=\"https:\/\/szkolyalfaiomega.pl\/wp-content\/uploads\/2019\/08\/Umowa-z-RODZICAMI_2019_150-zl.pdf\" target=\"_blank\" rel=\"noopener noreferrer\">&#8230;PDF&#8230;<\/a>] &#8211; przedszkole (1&#215;45 min)<\/h3>\n<h3><span style=\"color: #ff0000;\">UMOWA<\/span>\u00a0do pobrania [<a href=\"https:\/\/szkolyalfaiomega.pl\/wp-content\/uploads\/2019\/08\/Umowa-z-RODZICAMI_2019_300-zl.pdf\" target=\"_blank\" rel=\"noopener noreferrer\">&#8230;PDF&#8230;<\/a>] &#8211; szko\u0142a podstawowa i przedszkole (2&#215;45 min)<\/h3>\n<h3><span style=\"color: #ff0000;\">UMOWA<\/span> do pobrania [&#8230;PDF&#8230;] &#8211; szko\u0142a podstawowa i ponadpodstawowa (3&#215;45 min)<\/h3>\n<h3><span style=\"color: #ff0000;\">Regulamin<\/span> &#8222;odrabiania&#8221; zaj\u0119\u0107 [<a href=\"https:\/\/szkolyalfaiomega.pl\/wp-content\/uploads\/2019\/10\/Regulamin_ROK-SZKOLNY-2019_20_Odrabianie-zaj\u0119\u0107.pdf\" target=\"_blank\" rel=\"noopener noreferrer\">&#8230;zobacz&#8230;<\/a>]<\/h3>\n<p>Sprawd\u017a w ofercie (link: &#8230;<a href=\"https:\/\/szkolyalfaiomega.pl\/?page_id=2077\" target=\"_blank\" rel=\"noopener noreferrer\">zobacz<\/a>&#8230;), w kt\u00f3rym dniu i o kt\u00f3rej godzinie odb\u0119d\u0105 si\u0119 interesuj\u0105ce Ci\u0119 warsztaty. Mo\u017cesz zapisa\u0107 si\u0119 telefonicznie lub wys\u0142a\u0107 e-mail na adres: biuro@szkolyalfaiomega.pl z dopiskiem w temacie <strong>Drzwi Otwarte<\/strong>.<\/p>\n<h2>Z cyklu:<br \/>\nOdkrywamy nasze pasje i talenty\u00a0&#8211; zapraszamy na warsztaty<\/h2>\n<ul>\n<li><strong>Klocki LEGO Duplo Education &#8211;<\/strong>\u00a0dla dzieci w wieku\u00a0<strong>4-6 lat<\/strong>.<\/li>\n<li><strong>Roboty mobilne &#8211;<\/strong>\u00a0dla dzieci w wieku\u00a0<strong>4-6 lat<\/strong>.<\/li>\n<li><strong>J\u0119zyk angielski z LEGO &#8211;\u00a0<\/strong>dla dzieci w wieku\u00a0<strong>4-6 lat<\/strong>.<\/li>\n<li><strong>J\u0119zyk hiszpa\u0144ski z LEGO &#8211;\u00a0<\/strong>dla dzieci w wieku\u00a0<strong>4-6 lat<\/strong>.<\/li>\n<li>\u00a0<strong>Roboty LEGO WeDo Education &#8211;\u00a0<\/strong>dla dzieci w wieku\u00a0<strong>6-9 lat<\/strong>.<\/li>\n<li><strong>Matematyka na weso\u0142o &#8211;\u00a0<\/strong>dla dzieci w wieku\u00a0<strong>6-9 lat<\/strong>.<\/li>\n<li><strong>Grafika komputerowa &#8211;\u00a0<\/strong>dla dzieci w wieku\u00a0<strong>7-12 lat<\/strong>.<\/li>\n<li><strong>Komiksy LEGO &#8211;\u00a0<\/strong>dla dzieci w wieku\u00a0<strong>7-12 lat<\/strong>.<\/li>\n<li><strong>Programowanie gier &#8211;\u00a0<\/strong>dla dzieci w wieku\u00a0<strong>9-12 lat<\/strong>.<\/li>\n<li><strong>Roboty mobilne &#8211;<\/strong>\u00a0dla dzieci w wieku\u00a0<strong>7-13 lat<\/strong>.<\/li>\n<li><strong>Drony i droidy &#8211;<\/strong>\u00a0dla dzieci w wieku\u00a0<strong>9-13 lat<\/strong>.<\/li>\n<li><strong><strong>Eksperymenty &#8211;\u00a0<\/strong><\/strong>dla dzieci w wieku\u00a0<strong>7-10 lat<\/strong>.<\/li>\n<li><strong>J\u0119zyk angielski z LEGO &#8211;\u00a0<\/strong>dla dzieci w wieku\u00a0<strong>7-12 lat<\/strong>.<\/li>\n<li><strong>J\u0119zyk hiszpa\u0144ski z LEGO &#8211;\u00a0<\/strong>dla dzieci w wieku\u00a0<strong>7-12 lat<\/strong>.<\/li>\n<li><strong>Filozofia z LEGO<\/strong> &#8211; dla dzieci w wieku <strong>8-10 lat.<\/strong><\/li>\n<li><strong>Roboty LEGO Mindstorms EV3 &#8211;\u00a0<\/strong>dla dzieci w wieku\u00a0<strong>9-13 lat<\/strong>.<\/li>\n<li><strong>Eksperymenty &#8211;\u00a0<\/strong>dla dzieci w wieku\u00a0<strong>10-13 lat<\/strong>.<\/li>\n<li><strong>Szachy<\/strong> &#8211;\u00a0dla dzieci w wieku\u00a0<strong>7-12 lat<\/strong>.<\/li>\n<li><strong>Mechatronika &#8211;<\/strong>\u00a0dla dzieci w wieku\u00a0<strong>9-13 lat<\/strong>.<\/li>\n<\/ul>\n<div>\n<p>Zg\u0142oszenia przyjmujemy telefonicznie lub mailowo. Liczba miejsc ograniczona.<\/p>\n<p>Lokalizacja &#8211; ul. Piotrkowska 67, ul. Pomorska 96<\/p>\n<h3>\u00a0Obejrzyj zdj\u0119cia i filmy z naszych zaj\u0119\u0107 (umieszczane na bie\u017c\u0105co):<\/h3>\n<ul>\n<li><a href=\"https:\/\/www.facebook.com\/szkolyalfaiomega?fref=ts\" target=\"_blank\" rel=\"noopener noreferrer\">Zdj\u0119cia i filmy na Facebooku \u00a0&#8211; &#8230;zobacz&#8230;<\/a><\/li>\n<li><a href=\"https:\/\/www.youtube.com\/user\/kijoanna\/videos\" target=\"_blank\" rel=\"noopener noreferrer\">Filmy na kanale You Tube<\/a>\u00a0\u00a0&#8211; <a href=\"https:\/\/www.youtube.com\/user\/kijoanna\/videos\" target=\"_blank\" rel=\"noopener noreferrer\">&#8230;zobacz&#8230;<\/a><\/li>\n<\/ul>\n<h3>Obejrzyj przyk\u0142adowe zdj\u0119cia:<\/h3>\n\n\t\t<style type=\"text\/css\">\n\t\t\t#gallery-1 {\n\t\t\t\tmargin: auto;\n\t\t\t}\n\t\t\t#gallery-1 .gallery-item {\n\t\t\t\tfloat: left;\n\t\t\t\tmargin-top: 10px;\n\t\t\t\ttext-align: center;\n\t\t\t\twidth: 20%;\n\t\t\t}\n\t\t\t#gallery-1 img {\n\t\t\t\tborder: 2px solid #cfcfcf;\n\t\t\t}\n\t\t\t#gallery-1 .gallery-caption {\n\t\t\t\tmargin-left: 0;\n\t\t\t}\n\t\t\t\/* see gallery_shortcode() in wp-includes\/media.php *\/\n\t\t<\/style>\n\t\t<div id='gallery-1' class='gallery galleryid-562 gallery-columns-5 gallery-size-thumbnail'><dl class='gallery-item'>\n\t\t\t<dt class='gallery-icon landscape'>\n\t\t\t\t<a href='https:\/\/szkolyalfaiomega.pl\/?attachment_id=1042'><img loading=\"lazy\" decoding=\"async\" width=\"150\" height=\"150\" src=\"https:\/\/szkolyalfaiomega.pl\/wp-content\/uploads\/2015\/07\/IMG_0726-150x150.jpg\" class=\"attachment-thumbnail size-thumbnail\" alt=\"\" \/><\/a>\n\t\t\t<\/dt><\/dl><dl class='gallery-item'>\n\t\t\t<dt class='gallery-icon landscape'>\n\t\t\t\t<a href='https:\/\/szkolyalfaiomega.pl\/?attachment_id=1041'><img loading=\"lazy\" decoding=\"async\" width=\"150\" height=\"150\" src=\"https:\/\/szkolyalfaiomega.pl\/wp-content\/uploads\/2015\/07\/20150617_143838-150x150.jpg\" class=\"attachment-thumbnail size-thumbnail\" alt=\"\" \/><\/a>\n\t\t\t<\/dt><\/dl><dl class='gallery-item'>\n\t\t\t<dt class='gallery-icon landscape'>\n\t\t\t\t<a href='https:\/\/szkolyalfaiomega.pl\/?attachment_id=1040'><img loading=\"lazy\" decoding=\"async\" width=\"150\" height=\"150\" src=\"https:\/\/szkolyalfaiomega.pl\/wp-content\/uploads\/2015\/07\/20150617_140847-150x150.jpg\" class=\"attachment-thumbnail size-thumbnail\" alt=\"\" \/><\/a>\n\t\t\t<\/dt><\/dl><dl class='gallery-item'>\n\t\t\t<dt class='gallery-icon landscape'>\n\t\t\t\t<a href='https:\/\/szkolyalfaiomega.pl\/?attachment_id=1039'><img loading=\"lazy\" decoding=\"async\" width=\"150\" height=\"150\" src=\"https:\/\/szkolyalfaiomega.pl\/wp-content\/uploads\/2015\/07\/20150720_112455-150x150.jpg\" class=\"attachment-thumbnail size-thumbnail\" alt=\"\" \/><\/a>\n\t\t\t<\/dt><\/dl><dl class='gallery-item'>\n\t\t\t<dt class='gallery-icon landscape'>\n\t\t\t\t<a href='https:\/\/szkolyalfaiomega.pl\/?attachment_id=1035'><img loading=\"lazy\" decoding=\"async\" width=\"150\" height=\"150\" src=\"https:\/\/szkolyalfaiomega.pl\/wp-content\/uploads\/2015\/07\/20150720_102311-150x150.jpg\" class=\"attachment-thumbnail size-thumbnail\" alt=\"\" \/><\/a>\n\t\t\t<\/dt><\/dl><br style=\"clear: both\" \/><dl class='gallery-item'>\n\t\t\t<dt class='gallery-icon landscape'>\n\t\t\t\t<a href='https:\/\/szkolyalfaiomega.pl\/?attachment_id=1036'><img loading=\"lazy\" decoding=\"async\" width=\"150\" height=\"150\" src=\"https:\/\/szkolyalfaiomega.pl\/wp-content\/uploads\/2015\/07\/20150719_103322-150x150.jpg\" class=\"attachment-thumbnail size-thumbnail\" alt=\"\" \/><\/a>\n\t\t\t<\/dt><\/dl><dl class='gallery-item'>\n\t\t\t<dt class='gallery-icon landscape'>\n\t\t\t\t<a href='https:\/\/szkolyalfaiomega.pl\/?attachment_id=1037'><img loading=\"lazy\" decoding=\"async\" width=\"150\" height=\"150\" src=\"https:\/\/szkolyalfaiomega.pl\/wp-content\/uploads\/2015\/07\/20150720_102406-150x150.jpg\" class=\"attachment-thumbnail size-thumbnail\" alt=\"\" \/><\/a>\n\t\t\t<\/dt><\/dl><dl class='gallery-item'>\n\t\t\t<dt class='gallery-icon landscape'>\n\t\t\t\t<a href='https:\/\/szkolyalfaiomega.pl\/?attachment_id=1038'><img loading=\"lazy\" decoding=\"async\" width=\"150\" height=\"150\" src=\"https:\/\/szkolyalfaiomega.pl\/wp-content\/uploads\/2015\/07\/20150720_111214-150x150.jpg\" class=\"attachment-thumbnail size-thumbnail\" alt=\"\" \/><\/a>\n\t\t\t<\/dt><\/dl><dl class='gallery-item'>\n\t\t\t<dt class='gallery-icon landscape'>\n\t\t\t\t<a href='https:\/\/szkolyalfaiomega.pl\/?attachment_id=1027'><img loading=\"lazy\" decoding=\"async\" width=\"150\" height=\"150\" src=\"https:\/\/szkolyalfaiomega.pl\/wp-content\/uploads\/2015\/07\/4-150x150.jpg\" class=\"attachment-thumbnail size-thumbnail\" alt=\"\" \/><\/a>\n\t\t\t<\/dt><\/dl><dl class='gallery-item'>\n\t\t\t<dt class='gallery-icon landscape'>\n\t\t\t\t<a href='https:\/\/szkolyalfaiomega.pl\/?attachment_id=1026'><img loading=\"lazy\" decoding=\"async\" width=\"150\" height=\"150\" src=\"https:\/\/szkolyalfaiomega.pl\/wp-content\/uploads\/2015\/07\/5-150x150.jpg\" class=\"attachment-thumbnail size-thumbnail\" alt=\"\" \/><\/a>\n\t\t\t<\/dt><\/dl><br style=\"clear: both\" \/><dl class='gallery-item'>\n\t\t\t<dt class='gallery-icon landscape'>\n\t\t\t\t<a href='https:\/\/szkolyalfaiomega.pl\/?attachment_id=1025'><img loading=\"lazy\" decoding=\"async\" width=\"150\" height=\"150\" src=\"https:\/\/szkolyalfaiomega.pl\/wp-content\/uploads\/2015\/07\/20150214_150113-150x150.jpg\" class=\"attachment-thumbnail size-thumbnail\" alt=\"\" \/><\/a>\n\t\t\t<\/dt><\/dl><dl class='gallery-item'>\n\t\t\t<dt class='gallery-icon landscape'>\n\t\t\t\t<a href='https:\/\/szkolyalfaiomega.pl\/?attachment_id=1024'><img loading=\"lazy\" decoding=\"async\" width=\"150\" height=\"150\" src=\"https:\/\/szkolyalfaiomega.pl\/wp-content\/uploads\/2015\/07\/20150214_115627-150x150.jpg\" class=\"attachment-thumbnail size-thumbnail\" alt=\"\" \/><\/a>\n\t\t\t<\/dt><\/dl><dl class='gallery-item'>\n\t\t\t<dt class='gallery-icon portrait'>\n\t\t\t\t<a href='https:\/\/szkolyalfaiomega.pl\/?attachment_id=1020'><img loading=\"lazy\" decoding=\"async\" width=\"150\" height=\"150\" src=\"https:\/\/szkolyalfaiomega.pl\/wp-content\/uploads\/2015\/07\/20150721_114013-150x150.jpg\" class=\"attachment-thumbnail size-thumbnail\" alt=\"\" \/><\/a>\n\t\t\t<\/dt><\/dl><dl class='gallery-item'>\n\t\t\t<dt class='gallery-icon landscape'>\n\t\t\t\t<a href='https:\/\/szkolyalfaiomega.pl\/?attachment_id=1021'><img loading=\"lazy\" decoding=\"async\" width=\"150\" height=\"150\" src=\"https:\/\/szkolyalfaiomega.pl\/wp-content\/uploads\/2015\/07\/20150721_121326-150x150.jpg\" class=\"attachment-thumbnail size-thumbnail\" alt=\"\" \/><\/a>\n\t\t\t<\/dt><\/dl><dl class='gallery-item'>\n\t\t\t<dt class='gallery-icon landscape'>\n\t\t\t\t<a href='https:\/\/szkolyalfaiomega.pl\/?attachment_id=1023'><img loading=\"lazy\" decoding=\"async\" width=\"150\" height=\"150\" src=\"https:\/\/szkolyalfaiomega.pl\/wp-content\/uploads\/2015\/07\/20150617_143806-150x150.jpg\" class=\"attachment-thumbnail size-thumbnail\" alt=\"\" \/><\/a>\n\t\t\t<\/dt><\/dl><br style=\"clear: both\" \/>\n\t\t<\/div>\n\n<h3><\/h3>\n<\/div>\n","protected":false},"excerpt":{"rendered":"<p>\u00a0Zadzwo\u0144! tel. 732 636 604, 605 889 473 &#8211; uzyskaj wi\u0119cej informacji PE\u0141NA OFERTA &#8211; &#8230;zobacz&#8230; Chcesz, by twoje dziecko uczestniczy\u0142o w naszych warsztatach? Otw\u00f3rz wybrany grafik zaj\u0119\u0107 (nazwa plac\u00f3wki, szko\u0142y, przedszkola)\u00a0 &#8211; dost\u0119pny poni\u017cej Wybierz dzie\u0144, godzin\u0119 i grup\u0119 wiekow\u0105 Korzystaj\u0105c z adresu mailowego: biuro@szkolyalfaiomega.pl lub formularza zg\u0142oszeniowego podaj: \u00a0imi\u0119 i nazwisko dziecka, wiek [&hellip;]<\/p>\n","protected":false},"author":1,"featured_media":0,"parent":0,"menu_order":0,"comment_status":"closed","ping_status":"closed","template":"","meta":{"footnotes":""},"_links":{"self":[{"href":"https:\/\/szkolyalfaiomega.pl\/index.php?rest_route=\/wp\/v2\/pages\/562"}],"collection":[{"href":"https:\/\/szkolyalfaiomega.pl\/index.php?rest_route=\/wp\/v2\/pages"}],"about":[{"href":"https:\/\/szkolyalfaiomega.pl\/index.php?rest_route=\/wp\/v2\/types\/page"}],"author":[{"embeddable":true,"href":"https:\/\/szkolyalfaiomega.pl\/index.php?rest_route=\/wp\/v2\/users\/1"}],"replies":[{"embeddable":true,"href":"https:\/\/szkolyalfaiomega.pl\/index.php?rest_route=%2Fwp%2Fv2%2Fcomments&post=562"}],"version-history":[{"count":68,"href":"https:\/\/szkolyalfaiomega.pl\/index.php?rest_route=\/wp\/v2\/pages\/562\/revisions"}],"predecessor-version":[{"id":2744,"href":"https:\/\/szkolyalfaiomega.pl\/index.php?rest_route=\/wp\/v2\/pages\/562\/revisions\/2744"}],"wp:attachment":[{"href":"https:\/\/szkolyalfaiomega.pl\/index.php?rest_route=%2Fwp%2Fv2%2Fmedia&parent=562"}],"curies":[{"name":"wp","href":"https:\/\/api.w.org\/{rel}","templated":true}]}}