{"id":48,"date":"2014-04-15T07:13:49","date_gmt":"2014-04-15T07:13:49","guid":{"rendered":"https:\/\/szkolyalfaiomega.pl\/?page_id=48"},"modified":"2023-01-13T13:21:48","modified_gmt":"2023-01-13T13:21:48","slug":"poziom-6","status":"publish","type":"page","link":"https:\/\/szkolyalfaiomega.pl\/?page_id=48","title":{"rendered":"POZIOM 6"},"content":{"rendered":"<p>Kurs skierowany do<b>\u00a0m\u0142odzie\u017cy licealnej. To zaj\u0119cia pog\u0142\u0119biaj\u0105ce umiej\u0119tno\u015bci programowania, konstruowania.\u00a0<\/b>Na zaj\u0119ciach wykorzystujemy zestawy LEGO\u00a0 Mindstorms EV3 oraz komputery a tak\u017ce klocki LEGO Technics.<\/p>\n<p>Zaj\u0119cia odbywaj\u0105 si\u0119 w ma\u0142ych 12 osobowych grupach.<br \/>\nZaj\u0119cia przeznaczone s\u0105 dla m\u0142odzie\u017cy w wieku szkolnym 14 \u2013 16 lat.<\/p>\n<p>Zaj\u0119cia prowadzone s\u0105 w formie warsztat\u00f3w, kt\u00f3re sk\u0142adaj\u0105 si\u0119 10 spotka\u0144 i odbywaj\u0105 si\u0119 jeden raz w tygodniu po 3&#215;45 min.<\/p>\n<p>Koszt warsztat\u00f3w to\u00a0<b>750 z\u0142<\/b> (jedno spotkanie, czyli 120 min. to 75 z\u0142 &#8211; godz. dydaktyczna 25 z\u0142)<br \/>\nIstnieje mo\u017cliwo\u015b\u0107 zintensyfikowania zaj\u0119\u0107 lub wyd\u0142u\u017cenia terminu ich realizacji wed\u0142ug potrzeb.<\/p>\n<p><img loading=\"lazy\" decoding=\"async\" class=\"alignleft wp-image-353\" src=\"https:\/\/szkolyalfaiomega.pl\/wp-content\/uploads\/2014\/05\/ch_21_1.png\" alt=\"ch_21_1\" width=\"244\" height=\"301\" srcset=\"https:\/\/szkolyalfaiomega.pl\/wp-content\/uploads\/2014\/05\/ch_21_1.png 305w, https:\/\/szkolyalfaiomega.pl\/wp-content\/uploads\/2014\/05\/ch_21_1-243x300.png 243w\" sizes=\"(max-width: 244px) 100vw, 244px\" \/><\/p>\n<p>Przyk\u0142adowy harmonogram zaj\u0119\u0107<\/p>\n<hr \/>\n<p><b>\u00a0<\/b><\/p>\n<ul>\n<li><b>Grupa 14 &#8211; 16-latk\u00f3w<\/b>\u00a0 \u2013 klocki LEGO Mindstorms EV3 + komputery (jeden zestaw na par\u0119)<br \/>\n10 spotka\u0144 po 3&#215;45 min (raz w tygodniu wrzesie\u0144\/stycze\u0144 lub stycze\u0144\/maj)<\/li>\n<\/ul>\n<p>Cena kursu: 750 z\u0142 (mo\u017cliwa forma zap\u0142aty: 3 raty po 250 z\u0142)<\/p>\n<p><b>POZIOM 6+<\/b><br \/>\nto kontynuacja zaj\u0119\u0107 w kolejnym semestrze, tj.<\/p>\n<ul>\n<li>POZIOM 6\u00a0 (wrzesie\u0144\/stycze\u0144)<\/li>\n<li>POZIOM 6+\u00a0 (stycze\u0144\/maj)<\/li>\n<\/ul>\n<h5>Zobacz katalog naszych klock\u00f3w i robot\u00f3w<\/h5>\n<p><a href=\"https:\/\/szkolyalfaiomega.pl\/wp-content\/uploads\/2014\/04\/Oferta_2017_2018_Szko%C5%82y-ALFAiOMEGA_szko%C5%82a.pdf\" target=\"_blank\" rel=\"noopener\">Oferta_2017_2018_Szko\u0142y ALFAiOMEGA_szko\u0142a<\/a><\/p>\n<p><strong>Przyk\u0142adowy harmonogram zaj\u0119\u0107 na rok szkolny 2019\/2020<\/strong><\/p>\n<hr \/>\n<p>Do wyboru r\u00f3\u017cne formy warsztatowe:<\/p>\n<ul>\n<li><b>ROBOTY LEGO Education<\/b>\u00a0\u2013 klocki LEGO Minstorms EV3 + oraz \u00a0komputery, tablety<\/li>\n<li><b>Roboty mobilne \u2013\u00a0<\/b>programowanie robot\u00f3w:<b>\u00a0<\/b>Dash i Dot, ozoBot, mBot\u2026<\/li>\n<li><strong>Drony i Droidy<\/strong>\u00a0<b>\u2013\u00a0<\/b>programowanie robot\u00f3w: je\u017cd\u017c\u0105cych, skacz\u0105cych, lataj\u0105cych, pe\u0142zaj\u0105cych\u2026<\/li>\n<li><strong>Uk\u0142ady ABIDUINO<\/strong>\u00a0\u2013 mechatronika,<\/li>\n<li><strong>MaKey MaKey<\/strong>\u00a0\u2013 mechatronika,<\/li>\n<li><strong>mBot Ultimate<\/strong>\u00a0\u2013 budowa i programowanie robot\u00f3w<\/li>\n<li><strong>Szachy<\/strong>\u00a0\u2013 specjalne aplikacje on-line i of-line, tradycyjne szachownice, zegary + tablety z aplikacjami<\/li>\n<\/ul>\n","protected":false},"excerpt":{"rendered":"<p>Kurs skierowany do\u00a0m\u0142odzie\u017cy licealnej. To zaj\u0119cia pog\u0142\u0119biaj\u0105ce umiej\u0119tno\u015bci programowania, konstruowania.\u00a0Na zaj\u0119ciach wykorzystujemy zestawy LEGO\u00a0 Mindstorms EV3 oraz komputery a tak\u017ce klocki LEGO Technics. Zaj\u0119cia odbywaj\u0105 si\u0119 w ma\u0142ych 12 osobowych grupach. Zaj\u0119cia przeznaczone s\u0105 dla m\u0142odzie\u017cy w wieku szkolnym 14 \u2013 16 lat. Zaj\u0119cia prowadzone s\u0105 w formie warsztat\u00f3w, kt\u00f3re sk\u0142adaj\u0105 si\u0119 10 spotka\u0144 i [&hellip;]<\/p>\n","protected":false},"author":1,"featured_media":0,"parent":0,"menu_order":0,"comment_status":"closed","ping_status":"open","template":"","meta":{"footnotes":""},"_links":{"self":[{"href":"https:\/\/szkolyalfaiomega.pl\/index.php?rest_route=\/wp\/v2\/pages\/48"}],"collection":[{"href":"https:\/\/szkolyalfaiomega.pl\/index.php?rest_route=\/wp\/v2\/pages"}],"about":[{"href":"https:\/\/szkolyalfaiomega.pl\/index.php?rest_route=\/wp\/v2\/types\/page"}],"author":[{"embeddable":true,"href":"https:\/\/szkolyalfaiomega.pl\/index.php?rest_route=\/wp\/v2\/users\/1"}],"replies":[{"embeddable":true,"href":"https:\/\/szkolyalfaiomega.pl\/index.php?rest_route=%2Fwp%2Fv2%2Fcomments&post=48"}],"version-history":[{"count":10,"href":"https:\/\/szkolyalfaiomega.pl\/index.php?rest_route=\/wp\/v2\/pages\/48\/revisions"}],"predecessor-version":[{"id":3894,"href":"https:\/\/szkolyalfaiomega.pl\/index.php?rest_route=\/wp\/v2\/pages\/48\/revisions\/3894"}],"wp:attachment":[{"href":"https:\/\/szkolyalfaiomega.pl\/index.php?rest_route=%2Fwp%2Fv2%2Fmedia&parent=48"}],"curies":[{"name":"wp","href":"https:\/\/api.w.org\/{rel}","templated":true}]}}