{"id":41,"date":"2014-04-15T07:05:08","date_gmt":"2014-04-15T07:05:08","guid":{"rendered":"https:\/\/szkolyalfaiomega.pl\/?page_id=41"},"modified":"2023-01-13T13:15:54","modified_gmt":"2023-01-13T13:15:54","slug":"poziom-0","status":"publish","type":"page","link":"https:\/\/szkolyalfaiomega.pl\/?page_id=41","title":{"rendered":"POZIOM 0"},"content":{"rendered":"<p><img loading=\"lazy\" decoding=\"async\" class=\"alignleft size-full wp-image-371\" src=\"https:\/\/szkolyalfaiomega.pl\/wp-content\/uploads\/2014\/05\/duplo20_1.png\" alt=\"duplo20_1\" width=\"204\" height=\"276\" \/>Zaj\u0119cia przeznaczone s\u0105 dla najm\u0142odszych dzieci w wieku przedszkolnym 3-4 lata oraz 4 \u2013 6 lat. Podczas zaj\u0119\u0107 wykorzystywane s\u0105 zestawy klock\u00f3w LEGO DUPLO, LEGO Maszyny proste, LEGO Weso\u0142a matematyka oraz LEGO WeDo. Zaj\u0119cia prowadzone s\u0105 w formie warsztat\u00f3w, kt\u00f3re sk\u0142adaj\u0105 si\u0119 z 10 spotka\u0144 i odbywaj\u0105 si\u0119 jeden raz w tygodniu po 45 min.<\/p>\n<p><img loading=\"lazy\" decoding=\"async\" class=\"alignright wp-image-341\" src=\"https:\/\/szkolyalfaiomega.pl\/wp-content\/uploads\/2014\/05\/duplo26.jpg\" alt=\"\" width=\"144\" height=\"141\" \/><\/p>\n<p>Ilo\u015b\u0107 dzieci w grupie: max 10.<\/p>\n<p>Koszt warsztat\u00f3w to <b>300 z\u0142<\/b> dla jednej osoby (jedno spotkanie, czyli 45 min. to\u00a0 30 z\u0142). Istnieje mo\u017cliwo\u015b\u0107 zintensyfikowania zaj\u0119\u0107 lub wyd\u0142u\u017cenia terminu ich realizacji wed\u0142ug potrzeb.<\/p>\n<h5><a href=\"https:\/\/szkolyalfaiomega.pl\/wp-content\/uploads\/2016\/09\/przedszkole.png\"><img loading=\"lazy\" decoding=\"async\" class=\"alignleft wp-image-1796\" src=\"https:\/\/szkolyalfaiomega.pl\/wp-content\/uploads\/2016\/09\/przedszkole-300x155.png\" alt=\"\" width=\"249\" height=\"128\" srcset=\"https:\/\/szkolyalfaiomega.pl\/wp-content\/uploads\/2016\/09\/przedszkole-300x155.png 300w, https:\/\/szkolyalfaiomega.pl\/wp-content\/uploads\/2016\/09\/przedszkole.png 594w\" sizes=\"(max-width: 249px) 100vw, 249px\" \/><\/a><\/h5>\n<h5>Zobacz katalog naszych klock\u00f3w i robot\u00f3w<\/h5>\n<p><a href=\"https:\/\/szkolyalfaiomega.pl\/wp-content\/uploads\/2014\/04\/Oferta_2017_2018_Szko%C5%82y-ALFAiOMEGA_przedszkole.pdf\" target=\"_blank\" rel=\"noopener\">Oferta_2017_2018_Szko\u0142y ALFAiOMEGA_przedszkole<\/a><\/p>\n<p><strong>Przyk\u0142adowy harmonogram zaj\u0119\u0107 na rok szkolny 2017\/2018<\/strong><\/p>\n<hr \/>\n<p><b>Grupa 3-4 latk\u00f3w<\/b> \u2013 klocki LEGO DUPLO Education \u2013 zestawy edukacyjne + karty inspiracji,<br \/>\nklocki LEGO SOFT &#8211; zaj\u0119cia sensoryczne<a href=\"https:\/\/szkolyalfaiomega.pl\/wp-content\/uploads\/2014\/04\/i-lego-soft-starter-set-45003.png\"><img loading=\"lazy\" decoding=\"async\" class=\" wp-image-2108 alignright\" src=\"https:\/\/szkolyalfaiomega.pl\/wp-content\/uploads\/2014\/04\/i-lego-soft-starter-set-45003-300x230.png\" alt=\"\" width=\"234\" height=\"180\" srcset=\"https:\/\/szkolyalfaiomega.pl\/wp-content\/uploads\/2014\/04\/i-lego-soft-starter-set-45003-300x230.png 300w, https:\/\/szkolyalfaiomega.pl\/wp-content\/uploads\/2014\/04\/i-lego-soft-starter-set-45003.png 495w\" sizes=\"(max-width: 234px) 100vw, 234px\" \/><\/a><\/p>\n<ul>\n<li>Koszt: 300 z\u0142 (mo\u017cliwa forma zap\u0142aty: 2 raty po 150 z\u0142 lub p\u0142atno\u015b\u0107 jednorazowa &#8211; 10 spotka\u0144 po 45 min (raz w tygodniu wrzesie\u0144\/stycze\u0144 lub luty\/maj)<\/li>\n<\/ul>\n<p><b>Grupa 4-5 latk\u00f3w<\/b> \u2013 klocki LEGO DUPLO i LEGO Maszyny proste oraz opowie\u015bci, zwierz\u0119ta i ludzie&#8230; \u2013 zestawy edukacyjne + karty pracy, instrukcje (jeden zestaw na par\u0119)<\/p>\n<ul>\n<li>Koszt: 300 z\u0142 (mo\u017cliwa forma <img loading=\"lazy\" decoding=\"async\" class=\"wp-image-372 alignright\" src=\"https:\/\/szkolyalfaiomega.pl\/wp-content\/uploads\/2014\/05\/duplo21_1.png\" alt=\"duplo21_1\" width=\"265\" height=\"169\" srcset=\"https:\/\/szkolyalfaiomega.pl\/wp-content\/uploads\/2014\/05\/duplo21_1.png 309w, https:\/\/szkolyalfaiomega.pl\/wp-content\/uploads\/2014\/05\/duplo21_1-300x191.png 300w\" sizes=\"(max-width: 265px) 100vw, 265px\" \/>zap\u0142aty: 2 raty po 150 z\u0142 lub p\u0142atno\u015b\u0107 jednorazowa &#8211; 10 spotka\u0144 po 45 min (raz w tygodniu wrzesie\u0144\/stycze\u0144 lub luty\/maj)<\/li>\n<\/ul>\n<p><b>Grupa 5-6 latk\u00f3w<\/b>\u00a0\u2013 klocki LEGO DUPLO, LEGO Maszyny proste, rury, mozaika lub LEGO Weso\u0142a Matematyka&#8230; \u2013 zestawy edukacyjne + tablety, karty pracy, instrukcje (jeden zestaw na par\u0119)<\/p>\n<ul>\n<li>Koszt: 300 z\u0142 (mo\u017cliwa forma zap\u0142aty: 2 raty po 150 z\u0142 lub p\u0142atno\u015b\u0107 jednorazowa &#8211; 10 spotka\u0144 po 45 min (raz w tygodniu wrzesie\u0144\/stycze\u0144 lub luty\/maj)<\/li>\n<\/ul>\n<p><img loading=\"lazy\" decoding=\"async\" class=\" wp-image-338 alignleft\" src=\"https:\/\/szkolyalfaiomega.pl\/wp-content\/uploads\/2014\/05\/duplo23.jpg\" alt=\"\" width=\"120\" height=\"240\" \/><\/p>\n<p><b style=\"line-height: 1.714285714; font-size: 1rem;\">POZIOM 0+<\/b><br \/>\nto kontynuacja zaj\u0119\u0107 w kolejnym semestrze, tj.<\/p>\n<p><img loading=\"lazy\" decoding=\"async\" class=\"alignright wp-image-343\" src=\"https:\/\/szkolyalfaiomega.pl\/wp-content\/uploads\/2014\/05\/duplo28.jpg\" alt=\"\" width=\"240\" height=\"187\" \/><\/p>\n<ul>\n<li><span style=\"line-height: 1.714285714; font-size: 1rem;\">POZIOM 0 \u2013 wrzesie\u0144\/stycze\u0144 \u2013 10 spotka\u0144<\/span><\/li>\n<li><span style=\"line-height: 1.714285714; font-size: 1rem;\" data-mce-mark=\"1\">POZIOM 0+ \u2013 stycze\u0144\/maj \u2013 10 spotka\u0144<\/span><\/li>\n<\/ul>\n<p>Zaj\u0119cia wykupione w systemie rocznym to ok. 30 spotka\u0144 po 45 min. \u2013 <b>kwota 900 z\u0142<\/b><\/p>\n<p>Relacja z naszych warsztat\u00f3w dost\u0119pna na bie\u017c\u0105co &#8211; <a href=\"https:\/\/www.facebook.com\/szkolyalfaiomega\/\" target=\"_blank\" rel=\"noopener\">&#8230;nasz fanpage &#8211; zobacz&#8230;<\/a><\/p>\n<p>GALERIA ZDJ\u0118\u0106<\/p>\n\n\t\t<style type=\"text\/css\">\n\t\t\t#gallery-1 {\n\t\t\t\tmargin: auto;\n\t\t\t}\n\t\t\t#gallery-1 .gallery-item {\n\t\t\t\tfloat: left;\n\t\t\t\tmargin-top: 10px;\n\t\t\t\ttext-align: center;\n\t\t\t\twidth: 16%;\n\t\t\t}\n\t\t\t#gallery-1 img {\n\t\t\t\tborder: 2px solid #cfcfcf;\n\t\t\t}\n\t\t\t#gallery-1 .gallery-caption {\n\t\t\t\tmargin-left: 0;\n\t\t\t}\n\t\t\t\/* see gallery_shortcode() in wp-includes\/media.php *\/\n\t\t<\/style>\n\t\t<div id='gallery-1' class='gallery galleryid-41 gallery-columns-6 gallery-size-thumbnail'><dl class='gallery-item'>\n\t\t\t<dt class='gallery-icon portrait'>\n\t\t\t\t<a href='https:\/\/szkolyalfaiomega.pl\/?attachment_id=462'><img loading=\"lazy\" decoding=\"async\" width=\"150\" height=\"150\" src=\"https:\/\/szkolyalfaiomega.pl\/wp-content\/uploads\/2014\/06\/przedszkole_1-150x150.jpg\" class=\"attachment-thumbnail size-thumbnail\" alt=\"\" \/><\/a>\n\t\t\t<\/dt><\/dl><dl class='gallery-item'>\n\t\t\t<dt class='gallery-icon landscape'>\n\t\t\t\t<a href='https:\/\/szkolyalfaiomega.pl\/?attachment_id=463'><img loading=\"lazy\" decoding=\"async\" width=\"150\" height=\"150\" src=\"https:\/\/szkolyalfaiomega.pl\/wp-content\/uploads\/2014\/06\/przedszkole_2-150x150.jpg\" class=\"attachment-thumbnail size-thumbnail\" alt=\"\" srcset=\"https:\/\/szkolyalfaiomega.pl\/wp-content\/uploads\/2014\/06\/przedszkole_2-150x150.jpg 150w, https:\/\/szkolyalfaiomega.pl\/wp-content\/uploads\/2014\/06\/przedszkole_2-300x300.jpg 300w, https:\/\/szkolyalfaiomega.pl\/wp-content\/uploads\/2014\/06\/przedszkole_2.jpg 627w\" sizes=\"(max-width: 150px) 100vw, 150px\" \/><\/a>\n\t\t\t<\/dt><\/dl><dl class='gallery-item'>\n\t\t\t<dt class='gallery-icon landscape'>\n\t\t\t\t<a href='https:\/\/szkolyalfaiomega.pl\/?attachment_id=464'><img loading=\"lazy\" decoding=\"async\" width=\"150\" height=\"150\" src=\"https:\/\/szkolyalfaiomega.pl\/wp-content\/uploads\/2014\/06\/przedszkole_3-150x150.jpg\" class=\"attachment-thumbnail size-thumbnail\" alt=\"\" \/><\/a>\n\t\t\t<\/dt><\/dl><dl class='gallery-item'>\n\t\t\t<dt class='gallery-icon portrait'>\n\t\t\t\t<a href='https:\/\/szkolyalfaiomega.pl\/?attachment_id=465'><img loading=\"lazy\" decoding=\"async\" width=\"150\" height=\"150\" src=\"https:\/\/szkolyalfaiomega.pl\/wp-content\/uploads\/2014\/06\/przedszkole_4-150x150.jpg\" class=\"attachment-thumbnail size-thumbnail\" alt=\"\" \/><\/a>\n\t\t\t<\/dt><\/dl><dl class='gallery-item'>\n\t\t\t<dt class='gallery-icon landscape'>\n\t\t\t\t<a href='https:\/\/szkolyalfaiomega.pl\/?attachment_id=466'><img loading=\"lazy\" decoding=\"async\" width=\"150\" height=\"150\" src=\"https:\/\/szkolyalfaiomega.pl\/wp-content\/uploads\/2014\/06\/przedszkole_5-150x150.jpg\" class=\"attachment-thumbnail size-thumbnail\" alt=\"\" \/><\/a>\n\t\t\t<\/dt><\/dl><dl class='gallery-item'>\n\t\t\t<dt class='gallery-icon landscape'>\n\t\t\t\t<a href='https:\/\/szkolyalfaiomega.pl\/?attachment_id=467'><img loading=\"lazy\" decoding=\"async\" width=\"150\" height=\"150\" src=\"https:\/\/szkolyalfaiomega.pl\/wp-content\/uploads\/2014\/06\/przedszkole_6-150x150.jpg\" class=\"attachment-thumbnail size-thumbnail\" alt=\"\" \/><\/a>\n\t\t\t<\/dt><\/dl><br style=\"clear: both\" \/><dl class='gallery-item'>\n\t\t\t<dt class='gallery-icon landscape'>\n\t\t\t\t<a href='https:\/\/szkolyalfaiomega.pl\/?attachment_id=468'><img loading=\"lazy\" decoding=\"async\" width=\"150\" height=\"150\" src=\"https:\/\/szkolyalfaiomega.pl\/wp-content\/uploads\/2014\/06\/przedszkole_7-150x150.jpg\" class=\"attachment-thumbnail size-thumbnail\" alt=\"\" \/><\/a>\n\t\t\t<\/dt><\/dl><dl class='gallery-item'>\n\t\t\t<dt class='gallery-icon landscape'>\n\t\t\t\t<a href='https:\/\/szkolyalfaiomega.pl\/?attachment_id=469'><img loading=\"lazy\" decoding=\"async\" width=\"150\" height=\"150\" src=\"https:\/\/szkolyalfaiomega.pl\/wp-content\/uploads\/2014\/06\/przedszkole_8-150x150.jpg\" class=\"attachment-thumbnail size-thumbnail\" alt=\"\" \/><\/a>\n\t\t\t<\/dt><\/dl><dl class='gallery-item'>\n\t\t\t<dt class='gallery-icon landscape'>\n\t\t\t\t<a href='https:\/\/szkolyalfaiomega.pl\/?attachment_id=470'><img loading=\"lazy\" decoding=\"async\" width=\"150\" height=\"150\" src=\"https:\/\/szkolyalfaiomega.pl\/wp-content\/uploads\/2014\/06\/przedszkole_9-150x150.jpg\" class=\"attachment-thumbnail size-thumbnail\" alt=\"\" \/><\/a>\n\t\t\t<\/dt><\/dl><dl class='gallery-item'>\n\t\t\t<dt class='gallery-icon landscape'>\n\t\t\t\t<a href='https:\/\/szkolyalfaiomega.pl\/?attachment_id=471'><img loading=\"lazy\" decoding=\"async\" width=\"150\" height=\"150\" src=\"https:\/\/szkolyalfaiomega.pl\/wp-content\/uploads\/2014\/06\/przedszkole_10-150x150.jpg\" class=\"attachment-thumbnail size-thumbnail\" alt=\"\" \/><\/a>\n\t\t\t<\/dt><\/dl><dl class='gallery-item'>\n\t\t\t<dt class='gallery-icon portrait'>\n\t\t\t\t<a href='https:\/\/szkolyalfaiomega.pl\/?attachment_id=478'><img loading=\"lazy\" decoding=\"async\" width=\"150\" height=\"150\" src=\"https:\/\/szkolyalfaiomega.pl\/wp-content\/uploads\/2014\/06\/przedszkole_11-150x150.jpg\" class=\"attachment-thumbnail size-thumbnail\" alt=\"\" \/><\/a>\n\t\t\t<\/dt><\/dl><dl class='gallery-item'>\n\t\t\t<dt class='gallery-icon portrait'>\n\t\t\t\t<a href='https:\/\/szkolyalfaiomega.pl\/?attachment_id=479'><img loading=\"lazy\" decoding=\"async\" width=\"150\" height=\"150\" src=\"https:\/\/szkolyalfaiomega.pl\/wp-content\/uploads\/2014\/06\/przedszkole_12-150x150.jpg\" class=\"attachment-thumbnail size-thumbnail\" alt=\"\" \/><\/a>\n\t\t\t<\/dt><\/dl><br style=\"clear: both\" \/><dl class='gallery-item'>\n\t\t\t<dt class='gallery-icon portrait'>\n\t\t\t\t<a href='https:\/\/szkolyalfaiomega.pl\/?attachment_id=480'><img loading=\"lazy\" decoding=\"async\" width=\"150\" height=\"150\" src=\"https:\/\/szkolyalfaiomega.pl\/wp-content\/uploads\/2014\/06\/przedszkole_13-150x150.jpg\" class=\"attachment-thumbnail size-thumbnail\" alt=\"\" \/><\/a>\n\t\t\t<\/dt><\/dl><dl class='gallery-item'>\n\t\t\t<dt class='gallery-icon portrait'>\n\t\t\t\t<a href='https:\/\/szkolyalfaiomega.pl\/?attachment_id=481'><img loading=\"lazy\" decoding=\"async\" width=\"150\" height=\"150\" src=\"https:\/\/szkolyalfaiomega.pl\/wp-content\/uploads\/2014\/06\/przedszkole_14-150x150.jpg\" class=\"attachment-thumbnail size-thumbnail\" alt=\"\" \/><\/a>\n\t\t\t<\/dt><\/dl><dl class='gallery-item'>\n\t\t\t<dt class='gallery-icon portrait'>\n\t\t\t\t<a href='https:\/\/szkolyalfaiomega.pl\/?attachment_id=482'><img loading=\"lazy\" decoding=\"async\" width=\"150\" height=\"150\" src=\"https:\/\/szkolyalfaiomega.pl\/wp-content\/uploads\/2014\/06\/przedszkole_15-150x150.jpg\" class=\"attachment-thumbnail size-thumbnail\" alt=\"\" \/><\/a>\n\t\t\t<\/dt><\/dl><dl class='gallery-item'>\n\t\t\t<dt class='gallery-icon landscape'>\n\t\t\t\t<a href='https:\/\/szkolyalfaiomega.pl\/?attachment_id=483'><img loading=\"lazy\" decoding=\"async\" width=\"150\" height=\"150\" src=\"https:\/\/szkolyalfaiomega.pl\/wp-content\/uploads\/2014\/06\/przedszkole_16-150x150.jpg\" class=\"attachment-thumbnail size-thumbnail\" alt=\"\" \/><\/a>\n\t\t\t<\/dt><\/dl><dl class='gallery-item'>\n\t\t\t<dt class='gallery-icon landscape'>\n\t\t\t\t<a href='https:\/\/szkolyalfaiomega.pl\/?attachment_id=484'><img loading=\"lazy\" decoding=\"async\" width=\"150\" height=\"150\" src=\"https:\/\/szkolyalfaiomega.pl\/wp-content\/uploads\/2014\/06\/przedszkole_17-150x150.jpg\" class=\"attachment-thumbnail size-thumbnail\" alt=\"\" \/><\/a>\n\t\t\t<\/dt><\/dl><dl class='gallery-item'>\n\t\t\t<dt class='gallery-icon landscape'>\n\t\t\t\t<a href='https:\/\/szkolyalfaiomega.pl\/?attachment_id=485'><img loading=\"lazy\" decoding=\"async\" width=\"150\" height=\"150\" src=\"https:\/\/szkolyalfaiomega.pl\/wp-content\/uploads\/2014\/06\/przedszkole_18-150x150.jpg\" class=\"attachment-thumbnail size-thumbnail\" alt=\"\" \/><\/a>\n\t\t\t<\/dt><\/dl><br style=\"clear: both\" \/><dl class='gallery-item'>\n\t\t\t<dt class='gallery-icon landscape'>\n\t\t\t\t<a href='https:\/\/szkolyalfaiomega.pl\/?attachment_id=456'><img loading=\"lazy\" decoding=\"async\" width=\"150\" height=\"150\" src=\"https:\/\/szkolyalfaiomega.pl\/wp-content\/uploads\/2014\/06\/13.06.14_10-150x150.jpg\" class=\"attachment-thumbnail size-thumbnail\" alt=\"\" \/><\/a>\n\t\t\t<\/dt><\/dl>\n\t\t\t<br style='clear: both' \/>\n\t\t<\/div>\n\n","protected":false},"excerpt":{"rendered":"<p>Zaj\u0119cia przeznaczone s\u0105 dla najm\u0142odszych dzieci w wieku przedszkolnym 3-4 lata oraz 4 \u2013 6 lat. Podczas zaj\u0119\u0107 wykorzystywane s\u0105 zestawy klock\u00f3w LEGO DUPLO, LEGO Maszyny proste, LEGO Weso\u0142a matematyka oraz LEGO WeDo. Zaj\u0119cia prowadzone s\u0105 w formie warsztat\u00f3w, kt\u00f3re sk\u0142adaj\u0105 si\u0119 z 10 spotka\u0144 i odbywaj\u0105 si\u0119 jeden raz w tygodniu po 45 min. [&hellip;]<\/p>\n","protected":false},"author":1,"featured_media":0,"parent":0,"menu_order":0,"comment_status":"closed","ping_status":"open","template":"","meta":{"footnotes":""},"_links":{"self":[{"href":"https:\/\/szkolyalfaiomega.pl\/index.php?rest_route=\/wp\/v2\/pages\/41"}],"collection":[{"href":"https:\/\/szkolyalfaiomega.pl\/index.php?rest_route=\/wp\/v2\/pages"}],"about":[{"href":"https:\/\/szkolyalfaiomega.pl\/index.php?rest_route=\/wp\/v2\/types\/page"}],"author":[{"embeddable":true,"href":"https:\/\/szkolyalfaiomega.pl\/index.php?rest_route=\/wp\/v2\/users\/1"}],"replies":[{"embeddable":true,"href":"https:\/\/szkolyalfaiomega.pl\/index.php?rest_route=%2Fwp%2Fv2%2Fcomments&post=41"}],"version-history":[{"count":23,"href":"https:\/\/szkolyalfaiomega.pl\/index.php?rest_route=\/wp\/v2\/pages\/41\/revisions"}],"predecessor-version":[{"id":3887,"href":"https:\/\/szkolyalfaiomega.pl\/index.php?rest_route=\/wp\/v2\/pages\/41\/revisions\/3887"}],"wp:attachment":[{"href":"https:\/\/szkolyalfaiomega.pl\/index.php?rest_route=%2Fwp%2Fv2%2Fmedia&parent=41"}],"curies":[{"name":"wp","href":"https:\/\/api.w.org\/{rel}","templated":true}]}}