{"id":3905,"date":"2023-03-09T10:10:56","date_gmt":"2023-03-09T10:10:56","guid":{"rendered":"https:\/\/szkolyalfaiomega.pl\/?page_id=3905"},"modified":"2025-07-01T07:57:05","modified_gmt":"2025-07-01T07:57:05","slug":"warsztaty-iii-cykl-2022-23","status":"publish","type":"page","link":"https:\/\/szkolyalfaiomega.pl\/?page_id=3905","title":{"rendered":"Warsztaty \u2013 III cykl 2024\/25"},"content":{"rendered":"<\/p>\n\n\n<h2 class=\"wp-block-heading\">Rozpocznie si\u0119 pod koniec marca 2024 r. lub na pocz\u0105tku kwietnia 2025 i trwa do czerwca br.<\/h2>\n\n\n\n<p><\/p>\n\n\n\n<hr class=\"wp-block-separator has-css-opacity\"\/>\n\n\n\n<h4 class=\"wp-block-heading\">Chcesz, by twoje dziecko uczestniczy\u0142o w naszych warsztatach?<\/h4>\n\n\n\n<ul>\n<li>Otw\u00f3rz grafik zaj\u0119\u0107 (nazwa plac\u00f3wki, szko\u0142y, przedszkola)&nbsp; &#8211; dost\u0119pny poni\u017cej<\/li>\n\n\n\n<li>Wybierz dzie\u0144, godzin\u0119 i grup\u0119 wiekow\u0105<\/li>\n\n\n\n<li>Korzystaj\u0105c z adresu mailowego:<strong> biuro@szkolyalfaiomega.pl<\/strong> lub <a href=\"https:\/\/szkolyalfaiomega.pl\/?page_id=2167\" target=\"_blank\" rel=\"noreferrer noopener\"><strong>formularza zg\u0142oszeniowego<\/strong><\/a> podaj:\n<ul>\n<li>&nbsp;imi\u0119 i nazwisko dziecka, wiek dziecka,<\/li>\n\n\n\n<li>numer telefonu kontaktowego do rodzica\/opiekuna<\/li>\n\n\n\n<li>nazw\u0119 plac\u00f3wki, szko\u0142y, przedszkola (je\u015bli nie na jeszcze dost\u0119pnego grafiku zaj\u0119\u0107)<\/li>\n\n\n\n<li><em>mo\u017cesz tak\u017ce wpisa\u0107 uwagi typu:<\/em> dziecko ju\u017c uczestniczy\u0142o&#8230;, chc\u0119 by moje dziecko chodzi\u0142o do jednej grupy z&#8230;, nigdy nie uczestniczy\u0142&#8230;, jest uzdolniona&#8230;, itp.<\/li>\n<\/ul>\n<\/li>\n<\/ul>\n\n\n\n<p>Rok Szkolny \u2013 2024\/25 \u2013 GRAFIK zaj\u0119\u0107! \u2013 CYKL III<\/p>\n\n\n\n<hr class=\"wp-block-separator has-alpha-channel-opacity\"\/>\n\n\n\n<h4 class=\"wp-block-heading\">Centrum edukacyjne, ul. Pomorska 96 <\/h4>\n\n\n\n<ul>\n<li>harmonogram zaj\u0119\u0107 \u2013 III&nbsp; cykl: pn. 07.04, 14.04, 21.04-wolne(\u015bwi\u0119to), 28.04, 05.05, 12,05, 19.05, 26.05,  02.06, 09.06, 16.06<\/li>\n\n\n\n<li>harmonogram zaj\u0119\u0107 \u2013 III&nbsp; cykl: wt.  01.04, 08.04, 15.04, 22.04, 29.04, 06.05, 13.05, 20.05, 27.05, 03.06, 10.06<\/li>\n\n\n\n<li>harmonogram zaj\u0119\u0107 \u2013 III&nbsp; cykl: \u015br. 02.04, 09.04, 16.04, 23.04, 30.04, 07.05, 14.05, 21.05, 04.06, 11.06<\/li>\n\n\n\n<li>harmonogram zaj\u0119\u0107 \u2013 III&nbsp; cykl: czw. 27.03, 03.04, 10.04, 17.04, 24.04, 01.05-wolne(Maj\u00f3wka), 08.05, 15.05, 22.05, 29.05, 05.06<\/li>\n\n\n\n<li>harmonogram zaj\u0119\u0107 \u2013 III&nbsp; cykl: pt. 05.04, 12.04, 19,04, 26.04, 02.05-wolne(\u015bwi\u0119to), 09.05, 16.05, 23.05, 30.05, 06.06, 13.06<\/li>\n\n\n\n<li>harmonogram zaj\u0119\u0107 \u2013 III&nbsp; cykl: sob. 05.04, 12.04, 19.04-wolne(\u015bwi\u0119to), 26.04, 03.05-Maj\u00f3wka, 10.05, 17.05, 24.05, 31.05, 07.06, 14.06, 21.06<\/li>\n<\/ul>\n\n\n\n<p><strong>Przedszkole Nr 125,<\/strong> \u0141\u00f3d\u017a \u2013&nbsp;<a href=\"https:\/\/szkolyalfaiomega.pl\/wp-content\/uploads\/2019\/08\/Harmonogram_2019_20_PIOTRKOWSKA_25.08.19.pdf\" target=\"_blank\" rel=\"noreferrer noopener\">[<\/a>\u2026do druku\u2026]<\/p>\n\n\n\n<ul>\n<li>harmonogram zaj\u0119\u0107 dla grup: pn. godz. 9.00-11.15<br>07.04, 14.04, <strong>21.04-wolne(\u015bwi\u0119to)<\/strong>, 28.04, 05.05, 12.05, 19.05, 26.05, 02.06, 09.06, 16.06<\/li>\n\n\n\n<li>harmonogram zaj\u0119\u0107 dla grup: \u015br. godz. 9.00-11.15<br>02.04, 09.04, 16.04, 23.04, 30.04, 07.05, <strong>14.05-wycieczka(odwo\u0142ane)<\/strong>, 21.05, 28.05, 04.06, <strong>11.06-zielone szko\u0142y(odwo\u0142ane)<\/strong>, 18.06<\/li>\n<\/ul>\n\n\n\n<p>Przedszkole \u201eMa\u0142e Or\u0142y\u201d, \u0141\u00f3d\u017a \u2013&nbsp;<a href=\"https:\/\/szkolyalfaiomega.pl\/wp-content\/uploads\/2019\/08\/Harmonogram_2019_20_PIOTRKOWSKA_25.08.19.pdf\" target=\"_blank\" rel=\"noreferrer noopener\">[<\/a>\u2026do druku\u2026]<\/p>\n\n\n\n<ul>\n<li>harmonogram zaj\u0119\u0107 \u2013 III cykl: wt. godz.13.30-15.00<br>01.04, 08.04, 15.04, 22.04, 29.04, 06.05, 13.05, 20.05, 27.05(odwo\u0142ane), 03.06, 10.06, 17.06(odr\u00f3bkowe), 24.06(odwo\u0142ane), 01.07(dodatkowe)<\/li>\n<\/ul>\n\n\n\n<p>Przedszkole \u201eMi Mundo\u201d, \u0141\u00f3d\u017a \u2013&nbsp;<a href=\"https:\/\/szkolyalfaiomega.pl\/wp-content\/uploads\/2019\/08\/Harmonogram_2019_20_PIOTRKOWSKA_25.08.19.pdf\" target=\"_blank\" rel=\"noreferrer noopener\">[<\/a>\u2026do druku\u2026]<\/p>\n\n\n\n<ul>\n<li>harmonogram zaj\u0119\u0107 \u2013 III cykl: pt. godz. 9.00-11.15<br>11.04, 18.04, 25.04, <strong>02.05-wolne(\u015bwi\u0119to)<\/strong>, 09.05, 16.05, 23.05, <strong>30.05-wolne<\/strong>, 06.06, 13.06, 20.06, 27.06<\/li>\n<\/ul>\n\n\n\n<p>Szko\u0142a Podstawowa, Ga\u0142k\u00f3wek \u2013&nbsp;<a href=\"https:\/\/szkolyalfaiomega.pl\/wp-content\/uploads\/2019\/08\/Harmonogram_2019_20_PIOTRKOWSKA_25.08.19.pdf\" target=\"_blank\" rel=\"noreferrer noopener\">[<\/a>\u2026do druku\u2026]<\/p>\n\n\n\n<ul>\n<li>harmonogram zaj\u0119\u0107 \u2013 III cykl: pt. godz. 13.00-14.00 oraz 14.00-15.00<br>10.05, 17.05, 07.06, 14.06, 21.06<\/li>\n<\/ul>\n\n\n\n<p>Przedszkole \u201eTygrysek\u201d, G\u0142owno \u2013&nbsp;<a href=\"https:\/\/szkolyalfaiomega.pl\/wp-content\/uploads\/2019\/08\/Harmonogram_2019_20_PIOTRKOWSKA_25.08.19.pdf\" target=\"_blank\" rel=\"noreferrer noopener\">[<\/a>\u2026do druku\u2026]<\/p>\n\n\n\n<ul>\n<li>harmonogram zaj\u0119\u0107 \u2013 III cykl: wt. godz. 9.00-11.15<br>26.03, 09.04, 16.04, 23.04, 07.05, 14.05, 21.05, 28.05, 04.06, 11.06<\/li>\n<\/ul>\n\n\n\n<hr class=\"wp-block-separator has-alpha-channel-opacity\"\/>\n\n\n\n<p>UMOWA&nbsp;do pobrania [<a href=\"https:\/\/szkolyalfaiomega.pl\/wp-content\/uploads\/2023\/08\/Umowa_z_rodzicami_ROK-SZKOLNY-2023_24_300-zl.pdf\" target=\"_blank\" rel=\"noreferrer noopener\">\u2026PDF\u2026<\/a>] \u2013 przedszkole (1\u00d745 min)<\/p>\n\n\n\n<p>UMOWA&nbsp;do pobrania [<a href=\"https:\/\/szkolyalfaiomega.pl\/wp-content\/uploads\/2023\/08\/Umowa_z_rodzicami_ROK-SZKOLNY-2023_24_500-zl.pdf\" target=\"_blank\" rel=\"noreferrer noopener\">\u2026PDF\u2026<\/a>] \u2013 szko\u0142a podstawowa i przedszkole (2\u00d745 min)<\/p>\n\n\n\n<p>Regulamin&nbsp;\u201eodrabiania\u201d zaj\u0119\u0107 [<a href=\"https:\/\/szkolyalfaiomega.pl\/wp-content\/uploads\/2019\/10\/Regulamin_ROK-SZKOLNY-2019_20_Odrabianie-zaj%C4%99%C4%87.pdf\" target=\"_blank\" rel=\"noreferrer noopener\">\u2026zobacz\u2026<\/a>]<\/p>\n\n\n\n<p>Upowa\u017cnienie&nbsp;\u201edo odbioru dziecka\u201d [<a href=\"https:\/\/szkolyalfaiomega.pl\/wp-content\/uploads\/2021\/10\/Upowa%C5%BCnienie_warsztaty.pdf\" target=\"_blank\" rel=\"noreferrer noopener\">\u2026zobacz\u2026<\/a>]<\/p>\n\n\n\n<hr class=\"wp-block-separator has-alpha-channel-opacity\"\/>\n\n\n\n<p><strong>UWAGA!<\/strong><\/p>\n\n\n\n<p><strong>Warunkiem uczestniczenia dziecka w naszych warsztatach jest wype\u0142nienie i oddanie umowy w pierwszym dniu trwania zaj\u0119\u0107. Umow\u0119 mo\u017cna dostarczy\u0107 nauczycielowi osobi\u015bcie, przekaza\u0107 dziecku lub zostawi\u0107 w sekretariacie szko\u0142y\/przedszkola.<\/strong><\/p>\n\n\n\n<hr class=\"wp-block-separator has-alpha-channel-opacity\"\/>\n\n\n\n<p>Sprawd\u017a w ofercie (link:&nbsp;<a href=\"https:\/\/szkolyalfaiomega.pl\/wp-content\/uploads\/2018\/08\/ZAJ%C4%98CIA-ZORGANIZOWANE_grafik_aktualny_2018_2019_WWW_Isemestr.pdf\" target=\"_blank\" rel=\"noreferrer noopener\">\u2026zobacz\u2026<\/a>), w kt\u00f3rym dniu i o kt\u00f3rej godzinie odb\u0119d\u0105 si\u0119 interesuj\u0105ce Ci\u0119 warsztaty. Mo\u017cesz zapisa\u0107 si\u0119 telefonicznie lub wys\u0142a\u0107 e-mail na adres: biuro@szkolyalfaiomega.pl<\/p>\n\n\n\n<p>Oferta zaj\u0119\u0107 mo\u017ce si\u0119 zmieni\u0107, wi\u0119c sugerujemy by \u015bledzi\u0107 na bie\u017c\u0105co stron\u0119 lub polubi\u0107 nas na facebooku, tam zawsze znajduj\u0105 si\u0119 najbardziej aktualne informacje, powiadomienia o aktualizacjach oferty.<\/p>\n\n\n\n<p><strong>Zg\u0142oszenia na warsztaty przyjmowane s\u0105 przez:<\/strong><\/p>\n\n\n\n<ul>\n<li><strong>formularz zg\u0142oszeniowy<\/strong>&nbsp;na:&nbsp;<a href=\"http:\/\/www.szkolyalfaiomega.pl\/\">szkolyalfaiomega.pl<\/a>&nbsp;lub mailowo:&nbsp;<a href=\"mailto:biuro@szkolyalfaiomega.pl\">biuro@szkolyalfaiomega.pl<\/a><\/li>\n<\/ul>\n\n\n\n<p>Jednorazowe warsztaty pokazowe 35 z\u0142 (1x45min.) lub 60 z\u0142 (2x45min.) \u2013 miesi\u0105c wrzesie\u0144\/pa\u017adziernik(bez konieczno\u015bci podpisywania umowy \u2013 podczas procesu rekrutacji i pierwszego miesi\u0105ca zaj\u0119\u0107)<\/p>\n\n\n\n<ul>\n<li><strong>umowa<\/strong>&nbsp;do pobrania na:&nbsp;<a href=\"http:\/\/www.szkolyalfaiomega.pl\/\">szkolyalfaiomega.pl<\/a><\/li>\n<\/ul>\n\n\n\n<p><strong>30,00 z\u0142&nbsp;<\/strong>\u2013 1 zaj\u0119cia \u2013 jedna godzina dydaktyczna\/lekcyjna zaj\u0119\u0107 (45 min.)<\/p>\n\n\n\n<p><strong>50,00 z\u0142<\/strong>&nbsp;\u2013 1 warsztat \u2013 dwie godziny dydaktyczne\/lekcyjne zaj\u0119\u0107 (2\u00d745 min.)<\/p>\n\n\n\n<figure class=\"wp-block-table\"><table><tbody><tr><td><strong>Zapisy na zaj\u0119cia<\/strong>&nbsp;\u2013 biuro@szkolyalfaiomega.pl&nbsp; |&nbsp; tel. 732&nbsp;636&nbsp;604&nbsp; |&nbsp; tel. 605&nbsp;889&nbsp;473<\/td><\/tr><\/tbody><\/table><\/figure>\n\n\n\n<p><strong>50,00 z\u0142<\/strong>&nbsp;\u2013 1 warsztat (czyli jedno spotkanie raz w tygodniu 2 x 45 min. w ramach cyklu 10 warsztat\u00f3w)<\/p>\n\n\n\n<figure class=\"wp-block-table\"><table><tbody><tr><td><strong>Zapisy na zaj\u0119cia<\/strong>&nbsp;\u2013 biuro@szkolyalfaiomega.pl&nbsp; |&nbsp; tel. 732&nbsp;636&nbsp;604&nbsp; |&nbsp; tel. 605&nbsp;889&nbsp;473<\/td><\/tr><\/tbody><\/table><\/figure>\n\n\n\n<p>\u2014\u2014\u2014\u2014\u2014\u2014\u2014\u2014\u2014\u2014\u2014\u2014\u2014\u2014\u2014\u2014\u2014\u2014\u2014\u2014\u2014\u2014\u2014\u2014\u2014\u2014\u2014\u2014\u2014\u2014\u2014\u2014-<\/p>\n\n\n\n<p><strong>300,00 z\u0142<\/strong>&nbsp;\u2013 koszt&nbsp; 10 spotka\u0144 (1 cykl trwaj\u0105cy oko\u0142o 3 miesi\u0119cy \u2013 1\u00d745 min.)<\/p>\n\n\n\n<p><strong>500,00 z\u0142<\/strong>&nbsp;\u2013 koszt&nbsp; 10 spotka\u0144 (1 cykl trwaj\u0105cy oko\u0142o 3 miesi\u0119cy \u2013 2\u00d745 min.)<\/p>\n\n\n\n<p><strong>500,00 z\u0142<\/strong>&nbsp;\u2013 koszt&nbsp; 10 spotka\u0144&nbsp; (LEGO-Angielski 1 cykl trwaj\u0105cy oko\u0142o 3 miesi\u0119cy \u2013 1\u00d760 min)<\/p>\n\n\n\n<figure class=\"wp-block-table\"><table><tbody><tr><td><strong>Zapisy na zaj\u0119cia<\/strong>&nbsp;\u2013 biuro@szkolyalfaiomega.pl&nbsp; |&nbsp; tel. 732&nbsp;636&nbsp;604&nbsp; |&nbsp; tel. 605&nbsp;889&nbsp;473<\/td><\/tr><\/tbody><\/table><\/figure>\n\n\n\n<p>\u2014\u2014\u2014\u2014\u2014\u2014\u2014\u2014\u2014\u2014\u2014\u2014\u2014\u2014\u2014\u2014\u2014\u2014\u2014\u2014\u2014\u2014\u2014\u2014\u2014\u2014\u2014\u2014\u2014\u2014\u2014\u2014\u2013<\/p>\n\n\n\n<p><strong>40,00 z\u0142&nbsp;&nbsp;<\/strong>\u2013 jednorazowe wej\u015bcie na zaj\u0119cia 1x45min. (wcze\u015bniej zarezerwowane miejsce telefonicznie, mailowo)<\/p>\n\n\n\n<p><strong>60,00 z\u0142&nbsp;&nbsp;<\/strong>\u2013 jednorazowe wej\u015bcie na zaj\u0119cia 2x45min. (wcze\u015bniej zarezerwowane miejsce telefonicznie, mailowo)<\/p>\n\n\n\n<p><strong>80,00 z\u0142&nbsp;<\/strong>\u2013 zaj\u0119cia indywidualne\/terapeutyczne, jedna godzina dydaktyczna\/lekcyjna zaj\u0119\u0107 (45 min.)<\/p>\n\n\n\n<p><\/p>\n\n\n\n<hr class=\"wp-block-separator has-css-opacity\"\/>\n\n\n\n<ul>\n<li><a href=\"https:\/\/szkolyalfaiomega.pl\/wp-content\/uploads\/2014\/04\/Oferta_2017_2018_Szko\u0142y-ALFAiOMEGA_przedszkole.pdf\" target=\"_blank\" rel=\"noreferrer noopener\">Oferta_Szko\u0142y ALFAiOMEGA_przedszkole<\/a><\/li>\n\n\n\n<li><a href=\"https:\/\/szkolyalfaiomega.pl\/wp-content\/uploads\/2014\/04\/Oferta_2017_2018_Szko\u0142y-ALFAiOMEGA_szko\u0142a.pdf\" target=\"_blank\" rel=\"noreferrer noopener\">Oferta_Szko\u0142y ALFAiOMEGA_szko\u0142a<\/a><\/li>\n<\/ul>\n\n\n\n<h4 class=\"wp-block-heading\"><strong>Wype\u0142nij formularz<\/strong><\/h4>\n\n\n\n<p><\/p>\n\n\n\n<hr class=\"wp-block-separator has-css-opacity\"\/>\n\n\n\n<p><\/p>\n\n\n\n<p><\/p>\n\n\n\n<p><\/p>\n\n\n\n<p><\/p>\n\n\n<\/p>\n\n\n<hr class=\"wp-block-separator has-css-opacity\"\/>\n\n\n\n<p><strong>UWAGA!<\/strong><\/p>\n\n\n\n<p><strong>Warunkiem uczestniczenia dziecka w naszych warsztatach jest wype\u0142nienie i oddanie umowy w pierwszym dniu trwania zaj\u0119\u0107. Umow\u0119 mo\u017cna dostarczy\u0107 nauczycielowi osobi\u015bcie, przekaza\u0107 dziecku lub zostawi\u0107 w sekretariacie szko\u0142y\/przedszkola.<\/strong><\/p>\n\n\n\n<hr class=\"wp-block-separator has-css-opacity\"\/>\n\n\n\n<p>Sprawd\u017a w ofercie (link: <a href=\"https:\/\/szkolyalfaiomega.pl\/wp-content\/uploads\/2018\/08\/ZAJ\u0118CIA-ZORGANIZOWANE_grafik_aktualny_2018_2019_WWW_Isemestr.pdf\" target=\"_blank\" rel=\"noreferrer noopener\">&#8230;zobacz&#8230;<\/a>), w kt\u00f3rym dniu i o kt\u00f3rej godzinie odb\u0119d\u0105 si\u0119 interesuj\u0105ce Ci\u0119 warsztaty. Mo\u017cesz zapisa\u0107 si\u0119 telefonicznie lub wys\u0142a\u0107 e-mail na adres: biuro@szkolyalfaiomega.pl<\/p>\n\n\n\n<p>Oferta zaj\u0119\u0107 mo\u017ce si\u0119 zmieni\u0107, wi\u0119c sugerujemy by \u015bledzi\u0107 na bie\u017c\u0105co stron\u0119 lub polubi\u0107 nas na facebooku, tam zawsze znajduj\u0105 si\u0119 najbardziej aktualne informacje, powiadomienia o aktualizacjach oferty.<\/p>\n\n\n\n<h2 class=\"wp-block-heading\">Tematyka zaj\u0119\u0107<\/h2>\n\n\n\n<h3 class=\"wp-block-heading\">Odkrywamy nasze pasje i talenty&nbsp;&#8211; zapraszamy na warsztaty<\/h3>\n\n\n\n<ul>\n<li><strong>Klocki LEGO Duplo Education &#8211;<\/strong>&nbsp;dla dzieci w wieku&nbsp;<strong>4-6 lat<\/strong>.<\/li>\n\n\n\n<li><strong>Roboty mobilne &#8211;<\/strong>&nbsp;dla dzieci w wieku&nbsp;<strong>4-6 lat<\/strong>.<\/li>\n\n\n\n<li><strong>J\u0119zyk angielski z LEGO &#8211;&nbsp;<\/strong>dla dzieci w wieku&nbsp;<strong>4-6 lat<\/strong>.<\/li>\n\n\n\n<li><strong>J\u0119zyk hiszpa\u0144ski z LEGO &#8211;&nbsp;<\/strong>dla dzieci w wieku&nbsp;<strong>4-6 lat<\/strong>.<\/li>\n\n\n\n<li>&nbsp;<strong>Roboty LEGO WeDo Education &#8211;&nbsp;<\/strong>dla dzieci w wieku&nbsp;<strong>6-9 lat<\/strong>.<\/li>\n\n\n\n<li><strong>Matematyka na weso\u0142o &#8211;&nbsp;<\/strong>dla dzieci w wieku&nbsp;<strong>6-9 lat<\/strong>.<\/li>\n\n\n\n<li><strong>Grafika komputerowa &#8211;&nbsp;<\/strong>dla dzieci w wieku&nbsp;<strong>7-12 lat<\/strong>.<\/li>\n\n\n\n<li><strong>Komiksy LEGO &#8211;&nbsp;<\/strong>dla dzieci w wieku&nbsp;<strong>7-12 lat<\/strong>.<\/li>\n\n\n\n<li><strong>Programowanie gier &#8211;&nbsp;<\/strong>dla dzieci w wieku&nbsp;<strong>9-12 lat<\/strong>.<\/li>\n\n\n\n<li><strong>Minecraft<\/strong> <strong>&#8211;&nbsp;<\/strong>dla dzieci w wieku&nbsp;<strong>9-12 lat<\/strong>.<\/li>\n\n\n\n<li><strong>Roboty mobilne &#8211;<\/strong>&nbsp;dla dzieci w wieku&nbsp;<strong>7-13 lat<\/strong>.<\/li>\n\n\n\n<li><strong>Makey, Makey<\/strong>&nbsp;<strong>&#8211;<\/strong>&nbsp;dla dzieci w wieku&nbsp;<strong>7-13 lat<\/strong>.<\/li>\n\n\n\n<li><strong>Drony i droidy &#8211;<\/strong>&nbsp;dla dzieci w wieku&nbsp;<strong>9-13 lat<\/strong>.<\/li>\n\n\n\n<li><strong>Eksperymenty &#8211;&nbsp;<\/strong>dla dzieci w wieku&nbsp;<strong>7-10 lat<\/strong>.<\/li>\n\n\n\n<li><strong>J\u0119zyk angielski z LEGO &#8211;&nbsp;<\/strong>dla dzieci w wieku&nbsp;<strong>7-12 lat<\/strong>.<\/li>\n\n\n\n<li><strong>J\u0119zyk hiszpa\u0144ski z LEGO &#8211;&nbsp;<\/strong>dla dzieci w wieku&nbsp;<strong>7-12 lat<\/strong>.<\/li>\n\n\n\n<li><strong>Roboty LEGO Mindstorms EV3 &#8211;&nbsp;<\/strong>dla dzieci w wieku&nbsp;<strong>9-13 lat<\/strong>.<\/li>\n\n\n\n<li><strong>Roboty Ultimate<\/strong> <strong> &#8211;&nbsp;<\/strong>dla dzieci w wieku&nbsp;<strong>10-13 lat<\/strong>.<\/li>\n\n\n\n<li><strong>Raspberry Pi<\/strong>&nbsp;<strong>&#8211;&nbsp;<\/strong>dla dzieci w wieku&nbsp;<strong>10-13 lat<\/strong>.<\/li>\n\n\n\n<li><strong>AbiDuino<\/strong>&nbsp;<strong>&#8211;&nbsp;<\/strong>dla dzieci w wieku&nbsp;<strong>10-13 lat<\/strong>.<\/li>\n\n\n\n<li><strong>Eksperymenty &#8211;&nbsp;<\/strong>dla dzieci w wieku&nbsp;<strong>10-13 lat<\/strong>.<\/li>\n\n\n\n<li><strong>Szachy<\/strong> &#8211;&nbsp;dla dzieci w wieku&nbsp;<strong>7-12 lat<\/strong>.<\/li>\n\n\n\n<li><strong>Mechatronika &#8211;<\/strong>&nbsp;dla dzieci w wieku&nbsp;<strong>9-13 lat<\/strong>.<\/li>\n<\/ul>\n\n\n\n<p>Nasze lokalizacje:<\/p>\n\n\n\n<ul>\n<li>\u0141\u00f3d\u017a, ul. Piotrkowska 67 &#8211; Centrum Edukacyjne<\/li>\n\n\n\n<li>\u0141\u00f3d\u017a, ul. Pomorska 96 &#8211; Centrum Edukacyjne<\/li>\n\n\n\n<li>\u0141\u00f3d\u017a, ul. Pomorska 38 &#8211; SP Mi\u0119dzynarodowa SEI<\/li>\n\n\n\n<li>\u0141\u00f3d\u017a, ul. Pomorska 138 &#8211; SP Nr 79<\/li>\n\n\n\n<li>\u0141\u00f3d\u017a, ul. Florecist\u00f3w 3b &#8211; SP Nr 137<\/li>\n\n\n\n<li>\u0141\u00f3d\u017a, ul. Tatrza\u0144ska 69a &#8211; SP Nr 149<\/li>\n\n\n\n<li>\u0141\u00f3d\u017a, ul. Olimpijska 9 &#8211; CZP NR 3<\/li>\n\n\n\n<li>\u0141\u00f3d\u017a, ul. Pasjonist\u00f3w 18 &#8211; SP STO<\/li>\n\n\n\n<li>\u0141\u00f3d\u017a, ul. Gajcego 7\/11 &#8211; SP Nr 204<\/li>\n\n\n\n<li>\u0141\u00f3d\u017a, ul. Rzgowska 17a &#8211; SP &#8222;\u0141\u00f3dka&#8221;<\/li>\n\n\n\n<li>\u0141\u00f3d\u017a, ul. Henryka Sucharskiego 3 &#8211; SP &#8222;Kornel\u00f3wka&#8221;<\/li>\n\n\n\n<li>\u0141\u00f3d\u017a, ul. Gogola 12 &#8211; Przedszkole &#8222;Anio\u0142kowo&#8221;<\/li>\n\n\n\n<li>\u0141\u00f3d\u017a, ul. Krakowska 42 &#8211; Przedszkole &#8222;Anio\u0142kowo&#8221;<\/li>\n\n\n\n<li>\u0141\u00f3d\u017a, ul. \u0141ozowa 9 &#8211; SP Nr 206<\/li>\n\n\n\n<li>\u0141\u00f3d\u017a, ul. \u015awitezianki 16 &#8211; Sala zabaw Fiku-Miku<\/li>\n\n\n\n<li>\u0141\u00f3d\u017a, ul. Gdy\u0144ska 3 &#8211; SP &#8222;Scholasticus&#8221;<\/li>\n<\/ul>\n\n\n\n<ul>\n<li>Bukowiec, ul. Szkolna 3 &#8211; SP Nr 1<\/li>\n\n\n\n<li>Tuszyn, ul. Poniatowskiego 11 &#8211; SP Nr 2<\/li>\n\n\n\n<li>Aleksandr\u00f3w \u0141\u00f3dzki, ul. Piotrkowska 64 &#8211; Przedszkole &#8222;Bajkowe Ogrody&#8221;<\/li>\n\n\n\n<li>Aleksandr\u00f3w \u0141\u00f3dzki, ul. Piotrkowska 64 &#8211; Przedszkole Nr 5<\/li>\n\n\n\n<li>Wi\u015bniowa G\u00f3ra, ul. Tuszy\u0144ska 64 &#8211; Dom Kultury<\/li>\n\n\n\n<li>Be\u0142chat\u00f3w, ul. Nehrebeckiego 25 &#8211; Przedszkole &#8222;Jab\u0142uszko&#8221;<\/li>\n\n\n\n<li>Be\u0142chat\u00f3w, ul. Lipowa 5, SP Nr 1<\/li>\n<\/ul>\n\n\n\n<p>Zg\u0142oszenia przyjmujemy telefonicznie lub mailowo. Liczba miejsc ograniczona.<\/p>\n\n\n\n<h3 class=\"wp-block-heading\">&nbsp;Obejrzyj zdj\u0119cia i filmy z naszych zaj\u0119\u0107 (umieszczane na bie\u017c\u0105co):<\/h3>\n\n\n\n<ul>\n<li><a href=\"https:\/\/www.facebook.com\/szkolyalfaiomega?fref=ts\" target=\"_blank\" rel=\"noreferrer noopener\">Zdj\u0119cia i filmy na Facebooku &nbsp;&#8211; &#8230;zobacz&#8230;<\/a><\/li>\n\n\n\n<li><a href=\"https:\/\/www.youtube.com\/user\/kijoanna\/videos\" target=\"_blank\" rel=\"noreferrer noopener\">Filmy na kanale You Tube<\/a>&nbsp;&nbsp;&#8211; <a href=\"https:\/\/www.youtube.com\/user\/kijoanna\/videos\" target=\"_blank\" rel=\"noreferrer noopener\">&#8230;zobacz&#8230;<\/a><\/li>\n<\/ul>\n\n\n\n<hr class=\"wp-block-separator has-css-opacity\"\/>\n\n\n\n<h3 class=\"wp-block-heading\"><strong>Dane do wykonywania przelew\u00f3w, wystawiania faktur i rachunk\u00f3w:<\/strong><\/h3>\n\n\n\n<p><strong>Centrum Zaj\u0119\u0107 Pozaszkolnych<\/strong><\/p>\n\n\n\n<p><strong>\u201eSzko\u0142y Alfa i Omega\u201d<br><\/strong><strong>NIP: 725-224-06-35<br><\/strong>Regon: 365371140<\/p>\n\n\n\n<p>Rejestr Szk\u00f3\u0142 i Plac\u00f3wek O\u015bwiatowych \u2013 Nr&nbsp; 131884<br>90-422 \u0141\u00f3d\u017a, ul. Piotrkowska 67<br><strong>Konto ban<\/strong><strong>kowe:<br><\/strong>mBank&nbsp;<strong>87 1140 2004 0000 3902 7742 7668<\/strong><\/p>\n\n\n\n<h3 class=\"wp-block-heading\">Obejrzyj przyk\u0142adowe zdj\u0119cia<\/h3>\n","protected":false},"excerpt":{"rendered":"<p>Rozpocznie si\u0119 pod koniec marca 2024 r. lub na pocz\u0105tku kwietnia 2025 i trwa do czerwca br. Chcesz, by twoje dziecko uczestniczy\u0142o w naszych warsztatach? Rok Szkolny \u2013 2024\/25 \u2013 GRAFIK zaj\u0119\u0107! \u2013 CYKL III Centrum edukacyjne, ul. Pomorska 96 Przedszkole Nr 125, \u0141\u00f3d\u017a \u2013&nbsp;[\u2026do druku\u2026] Przedszkole \u201eMa\u0142e Or\u0142y\u201d, \u0141\u00f3d\u017a \u2013&nbsp;[\u2026do druku\u2026] Przedszkole \u201eMi Mundo\u201d, [&hellip;]<\/p>\n","protected":false},"author":1,"featured_media":0,"parent":0,"menu_order":0,"comment_status":"closed","ping_status":"closed","template":"","meta":{"footnotes":""},"_links":{"self":[{"href":"https:\/\/szkolyalfaiomega.pl\/index.php?rest_route=\/wp\/v2\/pages\/3905"}],"collection":[{"href":"https:\/\/szkolyalfaiomega.pl\/index.php?rest_route=\/wp\/v2\/pages"}],"about":[{"href":"https:\/\/szkolyalfaiomega.pl\/index.php?rest_route=\/wp\/v2\/types\/page"}],"author":[{"embeddable":true,"href":"https:\/\/szkolyalfaiomega.pl\/index.php?rest_route=\/wp\/v2\/users\/1"}],"replies":[{"embeddable":true,"href":"https:\/\/szkolyalfaiomega.pl\/index.php?rest_route=%2Fwp%2Fv2%2Fcomments&post=3905"}],"version-history":[{"count":39,"href":"https:\/\/szkolyalfaiomega.pl\/index.php?rest_route=\/wp\/v2\/pages\/3905\/revisions"}],"predecessor-version":[{"id":4554,"href":"https:\/\/szkolyalfaiomega.pl\/index.php?rest_route=\/wp\/v2\/pages\/3905\/revisions\/4554"}],"wp:attachment":[{"href":"https:\/\/szkolyalfaiomega.pl\/index.php?rest_route=%2Fwp%2Fv2%2Fmedia&parent=3905"}],"curies":[{"name":"wp","href":"https:\/\/api.w.org\/{rel}","templated":true}]}}