{"id":33,"date":"2014-04-15T06:48:55","date_gmt":"2014-04-15T06:48:55","guid":{"rendered":"https:\/\/szkolyalfaiomega.pl\/?page_id=33"},"modified":"2019-08-22T08:44:50","modified_gmt":"2019-08-22T08:44:50","slug":"przedszkole","status":"publish","type":"page","link":"https:\/\/szkolyalfaiomega.pl\/?page_id=33","title":{"rendered":"Przedszkole"},"content":{"rendered":"<p><img loading=\"lazy\" decoding=\"async\" class=\"wp-image-121 alignleft\" style=\"border: 0px solid black;\" src=\"https:\/\/szkolyalfaiomega.pl\/wp-content\/uploads\/2014\/04\/przedszkolaki.png\" alt=\"przedszkolaki\" width=\"263\" height=\"209\" srcset=\"https:\/\/szkolyalfaiomega.pl\/wp-content\/uploads\/2014\/04\/przedszkolaki.png 375w, https:\/\/szkolyalfaiomega.pl\/wp-content\/uploads\/2014\/04\/przedszkolaki-300x238.png 300w, https:\/\/szkolyalfaiomega.pl\/wp-content\/uploads\/2014\/04\/przedszkolaki-100x80.png 100w\" sizes=\"(max-width: 263px) 100vw, 263px\" \/><\/p>\n<p>&nbsp;<\/p>\n<p>Zaj\u0119cia przeznaczone s\u0105 dla najm\u0142odszych dzieci w wieku przedszkolnym 3 \u2013 6 lat. Podczas zaj\u0119\u0107 wykorzystywane s\u0105 zestawy klock\u00f3w LEGO, roboty mobilne, tablety.<\/p>\n<p>Ilo\u015b\u0107 dzieci w grupie: 10.<\/p>\n<p>Zestawy: LEGO DUPLO, LEGO Maszyny proste, LEGO Weso\u0142a matematyka oraz LEGO WeDo. Zaj\u0119cia prowadzone s\u0105 w formie warsztat\u00f3w, kt\u00f3re sk\u0142adaj\u0105 si\u0119 10 spotka\u0144 i odbywaj\u0105 si\u0119 jeden raz w tygodniu po 45 min lub 2&#215;45 min.<\/p>\n<p><strong>\u00a0<\/strong><\/p>\n<p><b>\u00a0<\/b><\/p>\n<p><b>Grupa 3-latk\u00f3w<\/b>\u00a0\u2013 klocki LEGO\u00a9 DUPLO Education,\u00a0klocki LEGO\u00a9 SOFT\u00a0 \u2013 zestawy edukacyjne + karty inspiracji, karty pracy, roboty mobilne<\/p>\n<p>10 spotka\u0144 po 45 min (raz w tygodniu wrzesie\u0144\/grudzie\u0144 &#8211; 1 cykl, stycze\u0144\/marzec &#8211; 2 cykl, kwiecie\u0144\/czerwiec &#8211; 3 cykl)<\/p>\n<p><b>Grupa 4-latk\u00f3w<\/b>\u00a0\u2013 klocki LEGO DUPLO \u2013 zestawy edukacyjne + karty inspiracji, karty pracy<\/p>\n<p>10 spotka\u0144 po 45 min lub 2&#215;45 min (raz w tygodniu wrzesie\u0144\/grudzie\u0144 &#8211; 1 cykl, stycze\u0144\/marzec &#8211; 2 cykl, kwiecie\u0144\/czerwiec &#8211; 3 cykl)<\/p>\n<p><b>Grupa 5-latk\u00f3w<\/b>\u00a0\u2013 klocki LEGO DUPLO i LEGO Maszyny proste \u2013 zestawy edukacyjne + instrukcje, karty pracy<\/p>\n<p>10 spotka\u0144 po 45 min\u00a0lub 2&#215;45 min (raz w tygodniu wrzesie\u0144\/grudzie\u0144 &#8211; 1 cykl, stycze\u0144\/marzec &#8211; 2 cykl, kwiecie\u0144\/czerwiec &#8211; 3 cykl)<\/p>\n<p><b>Grupa 6-latk\u00f3w<\/b>\u00a0\u2013 klocki LEGO DUPLO, LEGO Maszyny proste, LEGO Weso\u0142a matematyka \u2013 zestawy edukacyjne + instrukcje, karty pracy, tablety<\/p>\n<p>10 spotka\u0144 po 45 min\u00a0lub 2&#215;45 min (raz w tygodniu wrzesie\u0144\/grudzie\u0144 &#8211; 1 cykl, stycze\u0144\/marzec &#8211; 2 cykl, kwiecie\u0144\/czerwiec &#8211; 3 cykl)<\/p>\n<p><b>Grupa 6-latk\u00f3w<\/b>\u00a0\u2013 LEGO WeDo \u2013 zestawy edukacyjne + komputery, instrukcje, karty pracy<\/p>\n<p>10 spotka\u0144 po 2&#215;45 min (raz w tygodniu wrzesie\u0144\/grudzie\u0144 &#8211; 1 cykl, stycze\u0144\/marzec &#8211; 2 cykl, kwiecie\u0144\/czerwiec &#8211; 3 cykl)<\/p>\n<p>&nbsp;<\/p>\n<p><a href=\"https:\/\/szkolyalfaiomega.pl\/wp-content\/uploads\/2015\/12\/45210_prod_01.png\"><img loading=\"lazy\" decoding=\"async\" class=\"alignleft wp-image-1195\" src=\"https:\/\/szkolyalfaiomega.pl\/wp-content\/uploads\/2015\/12\/45210_prod_01.png\" alt=\"45210_prod_01\" width=\"181\" height=\"166\" srcset=\"https:\/\/szkolyalfaiomega.pl\/wp-content\/uploads\/2015\/12\/45210_prod_01.png 839w, https:\/\/szkolyalfaiomega.pl\/wp-content\/uploads\/2015\/12\/45210_prod_01-300x274.png 300w\" sizes=\"(max-width: 181px) 100vw, 181px\" \/><\/a><a href=\"https:\/\/szkolyalfaiomega.pl\/wp-content\/uploads\/2014\/05\/wedo20_1.png\"><img loading=\"lazy\" decoding=\"async\" class=\"alignleft wp-image-398\" src=\"https:\/\/szkolyalfaiomega.pl\/wp-content\/uploads\/2014\/05\/wedo20_1.png\" alt=\"\" width=\"203\" height=\"148\" srcset=\"https:\/\/szkolyalfaiomega.pl\/wp-content\/uploads\/2014\/05\/wedo20_1.png 339w, https:\/\/szkolyalfaiomega.pl\/wp-content\/uploads\/2014\/05\/wedo20_1-300x217.png 300w\" sizes=\"(max-width: 203px) 100vw, 203px\" \/><\/a><a href=\"https:\/\/szkolyalfaiomega.pl\/wp-content\/uploads\/2014\/04\/9656_0.png\"><img loading=\"lazy\" decoding=\"async\" class=\"alignleft wp-image-23\" src=\"https:\/\/szkolyalfaiomega.pl\/wp-content\/uploads\/2014\/04\/9656_0.png\" alt=\"9656_0\" width=\"257\" height=\"137\" srcset=\"https:\/\/szkolyalfaiomega.pl\/wp-content\/uploads\/2014\/04\/9656_0.png 713w, https:\/\/szkolyalfaiomega.pl\/wp-content\/uploads\/2014\/04\/9656_0-300x159.png 300w, https:\/\/szkolyalfaiomega.pl\/wp-content\/uploads\/2014\/04\/9656_0-624x332.png 624w\" sizes=\"(max-width: 257px) 100vw, 257px\" \/><\/a><\/p>\n<p>&nbsp;<\/p>\n<p>&nbsp;<\/p>\n<p>&nbsp;<\/p>\n<p>&nbsp;<\/p>\n<p>&nbsp;<\/p>\n<p><img loading=\"lazy\" decoding=\"async\" class=\" wp-image-614 alignright\" src=\"https:\/\/szkolyalfaiomega.pl\/wp-content\/uploads\/2014\/08\/IMG_7440.jpg\" alt=\"\" width=\"288\" height=\"188\" srcset=\"https:\/\/szkolyalfaiomega.pl\/wp-content\/uploads\/2014\/08\/IMG_7440.jpg 800w, https:\/\/szkolyalfaiomega.pl\/wp-content\/uploads\/2014\/08\/IMG_7440-300x195.jpg 300w\" sizes=\"(max-width: 288px) 100vw, 288px\" \/><\/p>\n<p style=\"text-align: left;\"><strong>POZIOM 0<\/strong> \u2013 wrzesie\u0144\/grudzie\u0144 \u2013 10 spotka\u0144<\/p>\n<p><b>POZIOM 0+<\/b>\u00a0to kontynuacja zaj\u0119\u0107 w kolejnym cyklu\u00a0\u2013 stycze\u0144\/marzec \u2013 10 spotka\u0144<\/p>\n<p><b>POZIOM 0++<\/b>\u00a0to kontynuacja zaj\u0119\u0107 w kolejnym cyklu\u00a0\u2013 kwiecie\u0144\/czerwiec \u2013 10 spotka\u0144<\/p>\n<h4><\/h4>\n<h4><\/h4>\n<h4><\/h4>\n<h4><\/h4>\n<h4>Zobacz katalog naszych klock\u00f3w i robot\u00f3w<\/h4>\n<ul>\n<li><a href=\"https:\/\/szkolyalfaiomega.pl\/wp-content\/uploads\/2014\/04\/Oferta_2017_2018_Szko\u0142y-ALFAiOMEGA_przedszkole.pdf\" target=\"_blank\" rel=\"noopener\">Oferta_2017_2018_Szko\u0142y ALFAiOMEGA_przedszkole<\/a><\/li>\n<\/ul>\n<p>&nbsp;<\/p>\n<hr \/>\n<h4><strong><a href=\"https:\/\/szkolyalfaiomega.pl\/?page_id=161\">Jak zapisa\u0107 si\u0119 na zaj\u0119cia?<\/a>\u00a0 \u00a0 \u00a0 \u00a0 \u00a0 \u00a0 \u00a0 \u00a0<\/strong><strong style=\"font-size: 1em;\"><a href=\"https:\/\/szkolyalfaiomega.pl\/?page_id=575\" target=\"_blank\" rel=\"noopener\">Grafik zaj\u0119\u0107<\/a>\u00a0 \u00a0 \u00a0 \u00a0 \u00a0 \u00a0 \u00a0 \u00a0 \u00a0<\/strong><strong style=\"font-size: 1em;\">Cennik zaj\u0119\u0107<\/strong><\/h4>\n<p>&nbsp;<\/p>\n","protected":false},"excerpt":{"rendered":"<p>&nbsp; Zaj\u0119cia przeznaczone s\u0105 dla najm\u0142odszych dzieci w wieku przedszkolnym 3 \u2013 6 lat. Podczas zaj\u0119\u0107 wykorzystywane s\u0105 zestawy klock\u00f3w LEGO, roboty mobilne, tablety. Ilo\u015b\u0107 dzieci w grupie: 10. Zestawy: LEGO DUPLO, LEGO Maszyny proste, LEGO Weso\u0142a matematyka oraz LEGO WeDo. Zaj\u0119cia prowadzone s\u0105 w formie warsztat\u00f3w, kt\u00f3re sk\u0142adaj\u0105 si\u0119 10 spotka\u0144 i odbywaj\u0105 si\u0119 [&hellip;]<\/p>\n","protected":false},"author":1,"featured_media":0,"parent":0,"menu_order":0,"comment_status":"closed","ping_status":"open","template":"","meta":{"footnotes":""},"_links":{"self":[{"href":"https:\/\/szkolyalfaiomega.pl\/index.php?rest_route=\/wp\/v2\/pages\/33"}],"collection":[{"href":"https:\/\/szkolyalfaiomega.pl\/index.php?rest_route=\/wp\/v2\/pages"}],"about":[{"href":"https:\/\/szkolyalfaiomega.pl\/index.php?rest_route=\/wp\/v2\/types\/page"}],"author":[{"embeddable":true,"href":"https:\/\/szkolyalfaiomega.pl\/index.php?rest_route=\/wp\/v2\/users\/1"}],"replies":[{"embeddable":true,"href":"https:\/\/szkolyalfaiomega.pl\/index.php?rest_route=%2Fwp%2Fv2%2Fcomments&post=33"}],"version-history":[{"count":29,"href":"https:\/\/szkolyalfaiomega.pl\/index.php?rest_route=\/wp\/v2\/pages\/33\/revisions"}],"predecessor-version":[{"id":2645,"href":"https:\/\/szkolyalfaiomega.pl\/index.php?rest_route=\/wp\/v2\/pages\/33\/revisions\/2645"}],"wp:attachment":[{"href":"https:\/\/szkolyalfaiomega.pl\/index.php?rest_route=%2Fwp%2Fv2%2Fmedia&parent=33"}],"curies":[{"name":"wp","href":"https:\/\/api.w.org\/{rel}","templated":true}]}}