{"id":2198,"date":"2017-09-01T18:48:00","date_gmt":"2017-09-01T18:48:00","guid":{"rendered":"https:\/\/szkolyalfaiomega.pl\/?page_id=2198"},"modified":"2025-09-29T20:19:45","modified_gmt":"2025-09-29T20:19:45","slug":"grafik-201718","status":"publish","type":"page","link":"https:\/\/szkolyalfaiomega.pl\/?page_id=2198","title":{"rendered":"Rok Szkolny 2025\/26"},"content":{"rendered":"<pre>W razie pyta\u0144, uwag, sugestii - dzwo\u0144 -\u00a0<strong>732 636 604, 605 889 473<\/strong><\/pre>\n<h4>Chcesz, by twoje dziecko uczestniczy\u0142o w naszych warsztatach?<\/h4>\n<ul>\n<li>Otw\u00f3rz wybrany grafik zaj\u0119\u0107 (nazwa plac\u00f3wki, szko\u0142y, przedszkola)\u00a0 &#8211; dost\u0119pny poni\u017cej<\/li>\n<li>Wybierz dzie\u0144, godzin\u0119 i grup\u0119 wiekow\u0105<\/li>\n<li>Korzystaj\u0105c z adresu mailowego:<strong> biuro@szkolyalfaiomega.pl<\/strong> lub <a href=\"https:\/\/szkolyalfaiomega.pl\/?page_id=2167\" target=\"_blank\" rel=\"noopener noreferrer\"><strong>formularza zg\u0142oszeniowego<\/strong><\/a> podaj:\n<ul>\n<li>\u00a0imi\u0119 i nazwisko dziecka, wiek dziecka,<\/li>\n<li>numer telefonu kontaktowego do rodzica\/opiekuna<\/li>\n<li>nazw\u0119 plac\u00f3wki, szko\u0142y, przedszkola (je\u015bli nie na jeszcze dost\u0119pnego grafiku zaj\u0119\u0107)<\/li>\n<li><em>mo\u017cesz tak\u017ce wpisa\u0107 uwagi typu:<\/em> dziecko ju\u017c uczestniczy\u0142o&#8230;, chc\u0119 by moje dziecko chodzi\u0142o do jednej grupy z&#8230;, nigdy nie uczestniczy\u0142&#8230;, jest uzdolniona&#8230;, itp.<\/li>\n<\/ul>\n<\/li>\n<\/ul>\n<p>Zapiszemy dziecko na list\u0119\u00a0 |<br \/>\nOdpiszemy na wiadomo\u015b\u0107 mailow\u0105\u00a0 |<br \/>\nZadzwonimy lub wy\u015blemy wiadomo\u015b\u0107 SMS, by powiadomi\u0107 o rozpocz\u0119ciu zaj\u0119\u0107\u00a0 |<\/p>\n<h3>Rok szkolny &#8211; 2025\/26 &#8211; GRAFIK zaj\u0119\u0107!<\/h3>\n<h3>Kliknij <span style=\"color: #ff0000;\"><a href=\"https:\/\/szkolyalfaiomega.pl\/?page_id=2077\" target=\"_blank\" rel=\"noopener\">&#8230;zobacz&#8230;<\/a>\u00a0po wi\u0119cej informacji<\/span><\/h3>\n<h4>&#8212;&#8212;&#8212;&#8212;&#8212;&#8212;&#8212;&#8212;&#8212;&#8212;&#8212;&#8212;&#8212;&#8212;&#8212;&#8212;&#8212;&#8212;&#8212;&#8212;&#8212;&#8212;<\/h4>\n<p>Poni\u017cej przedstawiamy grafik dla ka\u017cdej plac\u00f3wki oddzielnie<\/p>\n<hr \/>\n<h4>Centrum edukacyjne, ul. Pomorska 96 &#8211; <a href=\"https:\/\/szkolyalfaiomega.pl\/wp-content\/uploads\/2019\/08\/Harmonogram_2019_20_POMORSKA_25.08.19.pdf\" target=\"_blank\" rel=\"noopener noreferrer\"><span style=\"color: #ff0000;\">[<\/span><\/a><span style=\"color: #ff0000;\">&#8230;zobacz&#8230;<\/span><a href=\"https:\/\/szkolyalfaiomega.pl\/wp-content\/uploads\/2019\/08\/Harmonogram_2019_20_POMORSKA_25.08.19.pdf\" target=\"_blank\" rel=\"noopener noreferrer\"><span style=\"color: #ff0000;\">]<\/span><\/a><\/h4>\n<ul>\n<li>Harmonogram &#8211; WARSZTATY &#8211; Cykl 1 [&#8230;zobacz&#8230;]<\/li>\n<li>Harmonogram &#8211; WARSZTATY &#8211; Cykl 2 [&#8230;zobacz&#8230;]<\/li>\n<li>Harmonogram &#8211; WARSZTATY &#8211; Cykl 3 [&#8230;zobacz&#8230;]<\/li>\n<\/ul>\n<h4>Przedszkole Nr 125, \u0141\u00f3d\u017a &#8211;\u00a0<span style=\"color: #993366;\"><a style=\"color: #993366;\" href=\"https:\/\/szkolyalfaiomega.pl\/wp-content\/uploads\/2019\/08\/Harmonogram_2019_20_PIOTRKOWSKA_25.08.19.pdf\" target=\"_blank\" rel=\"noopener noreferrer\">[<\/a>&#8230;zobacz&#8230;]<\/span><\/h4>\n<ul>\n<li>Harmonogram &#8211; WARSZTATY &#8211; Cykl 1 [&#8230;zobacz&#8230;]<\/li>\n<li>Harmonogram &#8211; WARSZTATY &#8211; Cykl 2 [&#8230;zobacz&#8230;]<\/li>\n<li>Harmonogram &#8211; WARSZTATY &#8211; Cykl 3 [&#8230;zobacz&#8230;]<\/li>\n<\/ul>\n<h4>Przedszkole &#8222;Ma\u0142e Or\u0142y&#8221;, \u0141\u00f3d\u017a &#8211;\u00a0<span style=\"color: #993366;\"><a style=\"color: #993366;\" href=\"https:\/\/szkolyalfaiomega.pl\/wp-content\/uploads\/2019\/08\/Harmonogram_2019_20_PIOTRKOWSKA_25.08.19.pdf\" target=\"_blank\" rel=\"noopener noreferrer\">[<\/a>&#8230;zobacz&#8230;]<\/span><\/h4>\n<ul>\n<li>Harmonogram &#8211; WARSZTATY &#8211; Cykl 1 [&#8230;zobacz&#8230;]<\/li>\n<li>Harmonogram &#8211; WARSZTATY &#8211; Cykl 2 [&#8230;zobacz&#8230;]<\/li>\n<li>Harmonogram &#8211; WARSZTATY &#8211; Cykl 3 [&#8230;zobacz&#8230;]<\/li>\n<\/ul>\n<h4>Przedszkole Nr 97, \u0141\u00f3d\u017a &#8211; <span style=\"color: #993366;\"><a style=\"color: #993366;\" href=\"https:\/\/szkolyalfaiomega.pl\/wp-content\/uploads\/2019\/08\/Harmonogram_2019_20_PIOTRKOWSKA_25.08.19.pdf\" target=\"_blank\" rel=\"noopener noreferrer\">[<\/a>&#8230;zobacz&#8230;]<\/span><\/h4>\n<ul>\n<li>Harmonogram &#8211; WARSZTATY &#8211; Cykl 1 [&#8230;zobacz&#8230;]<\/li>\n<li>Harmonogram &#8211; WARSZTATY &#8211; Cykl 2 [&#8230;zobacz&#8230;]<\/li>\n<li>Harmonogram &#8211; WARSZTATY &#8211; Cykl 3 [&#8230;zobacz&#8230;]<\/li>\n<\/ul>\n<h4>Przedszkole &#8222;Mi Mundo&#8221;, \u0141\u00f3d\u017a &#8211; <span style=\"color: #993366;\"><a style=\"color: #993366;\" href=\"https:\/\/szkolyalfaiomega.pl\/wp-content\/uploads\/2019\/08\/Harmonogram_2019_20_PIOTRKOWSKA_25.08.19.pdf\" target=\"_blank\" rel=\"noopener noreferrer\">[<\/a>&#8230;zobacz&#8230;]<\/span><\/h4>\n<ul>\n<li>Harmonogram &#8211; WARSZTATY &#8211; Cykl 1 [&#8230;zobacz&#8230;]<\/li>\n<li>Harmonogram &#8211; WARSZTATY &#8211; Cykl 2 [&#8230;zobacz&#8230;]<\/li>\n<li>Harmonogram &#8211; WARSZTATY &#8211; Cykl 3 [&#8230;zobacz&#8230;]<\/li>\n<\/ul>\n<h4><\/h4>\n<p>&#8212;&#8212;&#8212;&#8212;&#8212;&#8212;&#8212;&#8212;&#8212;&#8212;&#8212;&#8212;&#8212;&#8212;&#8212;&#8212;&#8212;&#8212;&#8212;&#8212;&#8212;&#8212;&#8212;&#8212;&#8212;&#8212;&#8212;&#8212;&#8212;&#8212;<\/p>\n<h3><span style=\"color: #ff0000;\">UMOWA<\/span>\u00a0do pobrania [<a href=\"https:\/\/szkolyalfaiomega.pl\/wp-content\/uploads\/2025\/09\/UMOWA_Przedszkole_2025_300-zl.pdf\" target=\"_blank\" rel=\"noopener\">&#8230;PDF&#8230;<\/a>] &#8211; przedszkole (1&#215;45 min)<\/h3>\n<h3><span style=\"color: #ff0000;\">UMOWA<\/span>\u00a0do pobrania <a href=\"https:\/\/szkolyalfaiomega.pl\/wp-content\/uploads\/2025\/09\/UMOWA_Przedszkole_2025_500-zl.pdf\" target=\"_blank\" rel=\"noopener\">[&#8230;PDF&#8230;]<\/a> &#8211; szko\u0142a podstawowa i przedszkole (2&#215;45 min)<\/h3>\n<h3><span style=\"color: #ff0000;\">UMOWA<\/span>\u00a0do pobrania <a href=\"https:\/\/szkolyalfaiomega.pl\/wp-content\/uploads\/2025\/09\/UMOWA_Przedszkole_2025_400-zl.pdf\" target=\"_blank\" rel=\"noopener\">[&#8230;PDF&#8230;]<\/a> &#8211; szko\u0142a podstawowa (1&#215;60 min)<\/h3>\n<h3><span style=\"color: #ff0000;\">Regulamin<\/span>\u00a0&#8222;odrabiania&#8221; zaj\u0119\u0107 [<a href=\"https:\/\/szkolyalfaiomega.pl\/wp-content\/uploads\/2019\/10\/Regulamin_ROK-SZKOLNY-2019_20_Odrabianie-zaj\u0119\u0107.pdf\" target=\"_blank\" rel=\"noopener noreferrer\">&#8230;zobacz&#8230;<\/a>]<\/h3>\n<h3><span style=\"color: #ff0000;\">Upowa\u017cnienie<\/span>\u00a0&#8222;do odbioru dziecka&#8221; [<a href=\"https:\/\/szkolyalfaiomega.pl\/wp-content\/uploads\/2021\/10\/Upowa\u017cnienie_warsztaty.pdf\" target=\"_blank\" rel=\"noopener noreferrer\">&#8230;zobacz&#8230;<\/a>]<\/h3>\n<h3><\/h3>\n<hr \/>\n<h3>\u00a0Zobacz katalog naszych klock\u00f3w i robot\u00f3w<\/h3>\n<ul>\n<li><a href=\"https:\/\/szkolyalfaiomega.pl\/wp-content\/uploads\/2014\/04\/Oferta_2017_2018_Szko\u0142y-ALFAiOMEGA_przedszkole.pdf\" target=\"_blank\" rel=\"noopener noreferrer\">Oferta_2017_2018_Szko\u0142y ALFAiOMEGA_przedszkole<\/a><\/li>\n<li><a href=\"https:\/\/szkolyalfaiomega.pl\/wp-content\/uploads\/2014\/04\/Oferta_2017_2018_Szko\u0142y-ALFAiOMEGA_szko\u0142a.pdf\" target=\"_blank\" rel=\"noopener noreferrer\">Oferta_2017_2018_Szko\u0142y ALFAiOMEGA_szko\u0142a<\/a><\/li>\n<\/ul>\n<h4><span style=\"color: #ff0000;\">Wype\u0142nij formularz<\/span><\/h4>\n<p><strong>Wype\u0142nij formularz &#8211; skontaktujemy si\u0119 z Tob\u0105 [&#8230;<a href=\"https:\/\/szkolyalfaiomega.pl\/?page_id=2167\" target=\"_blank\" rel=\"noopener noreferrer\">formularz<\/a>&#8230;]<\/strong><\/p>\n<hr \/>\n<p style=\"text-align: center;\"><strong>Dane do wykonywania przelew\u00f3w, wystawiania faktur i rachunk\u00f3w:<\/strong><\/p>\n<p style=\"text-align: center;\"><strong>Centrum Zaj\u0119\u0107 Pozaszkolnych<\/strong><\/p>\n<p style=\"text-align: center;\"><strong>\u201eSzko\u0142y Alfa i Omega\u201d<br \/>\n<\/strong><strong>NIP: 725-224-06-35<br \/>\n<\/strong>Regon: 365371140<\/p>\n<p style=\"text-align: center;\">Rejestr Szk\u00f3\u0142 i Plac\u00f3wek O\u015bwiatowych \u2013 Nr\u00a0 131884<br \/>\n90-422 \u0141\u00f3d\u017a, ul. Piotrkowska 67<br \/>\n<strong>Konto ban<\/strong><strong>kowe:<br \/>\n<\/strong>mBank\u00a0<strong>87 1140 2004 0000 3902 7742 7668<\/strong><\/p>\n<p><img loading=\"lazy\" decoding=\"async\" class=\"alignleft wp-image-2309\" src=\"https:\/\/szkolyalfaiomega.pl\/wp-content\/uploads\/2017\/12\/DSC_3793-200x300.jpg\" alt=\"\" width=\"160\" height=\"241\" srcset=\"https:\/\/szkolyalfaiomega.pl\/wp-content\/uploads\/2017\/12\/DSC_3793-200x300.jpg 200w, https:\/\/szkolyalfaiomega.pl\/wp-content\/uploads\/2017\/12\/DSC_3793-768x1151.jpg 768w, https:\/\/szkolyalfaiomega.pl\/wp-content\/uploads\/2017\/12\/DSC_3793-683x1024.jpg 683w\" sizes=\"(max-width: 160px) 100vw, 160px\" \/><\/p>\n<p><img loading=\"lazy\" decoding=\"async\" class=\"alignleft wp-image-2307\" src=\"https:\/\/szkolyalfaiomega.pl\/wp-content\/uploads\/2017\/12\/DSC_3781-200x300.jpg\" alt=\"\" width=\"161\" height=\"242\" srcset=\"https:\/\/szkolyalfaiomega.pl\/wp-content\/uploads\/2017\/12\/DSC_3781-200x300.jpg 200w, https:\/\/szkolyalfaiomega.pl\/wp-content\/uploads\/2017\/12\/DSC_3781-768x1151.jpg 768w, https:\/\/szkolyalfaiomega.pl\/wp-content\/uploads\/2017\/12\/DSC_3781-683x1024.jpg 683w\" sizes=\"(max-width: 161px) 100vw, 161px\" \/><a href=\"https:\/\/szkolyalfaiomega.pl\/wp-content\/uploads\/2017\/12\/DSC_3790.jpg\"><img loading=\"lazy\" decoding=\"async\" class=\"alignleft wp-image-2308\" src=\"https:\/\/szkolyalfaiomega.pl\/wp-content\/uploads\/2017\/12\/DSC_3790-200x300.jpg\" alt=\"\" width=\"160\" height=\"241\" srcset=\"https:\/\/szkolyalfaiomega.pl\/wp-content\/uploads\/2017\/12\/DSC_3790-200x300.jpg 200w, https:\/\/szkolyalfaiomega.pl\/wp-content\/uploads\/2017\/12\/DSC_3790-768x1151.jpg 768w, https:\/\/szkolyalfaiomega.pl\/wp-content\/uploads\/2017\/12\/DSC_3790-683x1024.jpg 683w\" sizes=\"(max-width: 160px) 100vw, 160px\" \/><\/a><\/p>\n<p><a href=\"https:\/\/szkolyalfaiomega.pl\/wp-content\/uploads\/2017\/12\/20171227_122043.jpg\"><img loading=\"lazy\" decoding=\"async\" class=\"alignleft wp-image-2327\" src=\"https:\/\/szkolyalfaiomega.pl\/wp-content\/uploads\/2017\/12\/20171227_122043-300x225.jpg\" alt=\"\" width=\"185\" height=\"139\" srcset=\"https:\/\/szkolyalfaiomega.pl\/wp-content\/uploads\/2017\/12\/20171227_122043-300x225.jpg 300w, https:\/\/szkolyalfaiomega.pl\/wp-content\/uploads\/2017\/12\/20171227_122043-768x576.jpg 768w, https:\/\/szkolyalfaiomega.pl\/wp-content\/uploads\/2017\/12\/20171227_122043-1024x768.jpg 1024w, https:\/\/szkolyalfaiomega.pl\/wp-content\/uploads\/2017\/12\/20171227_122043.jpg 2048w\" sizes=\"(max-width: 185px) 100vw, 185px\" \/><\/a><a href=\"https:\/\/szkolyalfaiomega.pl\/wp-content\/uploads\/2017\/12\/1.jpg\"><img loading=\"lazy\" decoding=\"async\" class=\"alignleft wp-image-2316\" src=\"https:\/\/szkolyalfaiomega.pl\/wp-content\/uploads\/2017\/12\/1-300x225.jpg\" alt=\"\" width=\"188\" height=\"141\" srcset=\"https:\/\/szkolyalfaiomega.pl\/wp-content\/uploads\/2017\/12\/1-300x225.jpg 300w, https:\/\/szkolyalfaiomega.pl\/wp-content\/uploads\/2017\/12\/1-768x576.jpg 768w, https:\/\/szkolyalfaiomega.pl\/wp-content\/uploads\/2017\/12\/1-1024x768.jpg 1024w, https:\/\/szkolyalfaiomega.pl\/wp-content\/uploads\/2017\/12\/1.jpg 2048w\" sizes=\"(max-width: 188px) 100vw, 188px\" \/><\/a> <img loading=\"lazy\" decoding=\"async\" class=\"wp-image-2312 alignnone\" src=\"https:\/\/szkolyalfaiomega.pl\/wp-content\/uploads\/2017\/12\/DSC_3871-300x200.jpg\" alt=\"\" width=\"213\" height=\"142\" srcset=\"https:\/\/szkolyalfaiomega.pl\/wp-content\/uploads\/2017\/12\/DSC_3871-300x200.jpg 300w, https:\/\/szkolyalfaiomega.pl\/wp-content\/uploads\/2017\/12\/DSC_3871-768x513.jpg 768w, https:\/\/szkolyalfaiomega.pl\/wp-content\/uploads\/2017\/12\/DSC_3871-1024x683.jpg 1024w\" sizes=\"(max-width: 213px) 100vw, 213px\" \/><a href=\"https:\/\/szkolyalfaiomega.pl\/wp-content\/uploads\/2017\/12\/2.jpg\"><img loading=\"lazy\" decoding=\"async\" class=\"alignleft wp-image-2317\" src=\"https:\/\/szkolyalfaiomega.pl\/wp-content\/uploads\/2017\/12\/2-300x225.jpg\" alt=\"\" width=\"191\" height=\"143\" srcset=\"https:\/\/szkolyalfaiomega.pl\/wp-content\/uploads\/2017\/12\/2-300x225.jpg 300w, https:\/\/szkolyalfaiomega.pl\/wp-content\/uploads\/2017\/12\/2-768x576.jpg 768w, https:\/\/szkolyalfaiomega.pl\/wp-content\/uploads\/2017\/12\/2-1024x768.jpg 1024w, https:\/\/szkolyalfaiomega.pl\/wp-content\/uploads\/2017\/12\/2.jpg 2048w\" sizes=\"(max-width: 191px) 100vw, 191px\" \/><\/a> <a href=\"https:\/\/szkolyalfaiomega.pl\/wp-content\/uploads\/2017\/12\/20171228_120701.jpg\"><img loading=\"lazy\" decoding=\"async\" class=\"wp-image-2318 alignleft\" src=\"https:\/\/szkolyalfaiomega.pl\/wp-content\/uploads\/2017\/12\/20171228_120701-300x225.jpg\" alt=\"\" width=\"192\" height=\"144\" srcset=\"https:\/\/szkolyalfaiomega.pl\/wp-content\/uploads\/2017\/12\/20171228_120701-300x225.jpg 300w, https:\/\/szkolyalfaiomega.pl\/wp-content\/uploads\/2017\/12\/20171228_120701-768x576.jpg 768w, https:\/\/szkolyalfaiomega.pl\/wp-content\/uploads\/2017\/12\/20171228_120701-1024x768.jpg 1024w, https:\/\/szkolyalfaiomega.pl\/wp-content\/uploads\/2017\/12\/20171228_120701.jpg 2048w\" sizes=\"(max-width: 192px) 100vw, 192px\" \/><\/a> <a href=\"https:\/\/szkolyalfaiomega.pl\/wp-content\/uploads\/2017\/12\/20171228_143111.jpg\"><img loading=\"lazy\" decoding=\"async\" class=\"wp-image-2319 alignleft\" src=\"https:\/\/szkolyalfaiomega.pl\/wp-content\/uploads\/2017\/12\/20171228_143111-300x225.jpg\" alt=\"\" width=\"188\" height=\"141\" srcset=\"https:\/\/szkolyalfaiomega.pl\/wp-content\/uploads\/2017\/12\/20171228_143111-300x225.jpg 300w, https:\/\/szkolyalfaiomega.pl\/wp-content\/uploads\/2017\/12\/20171228_143111-768x576.jpg 768w, https:\/\/szkolyalfaiomega.pl\/wp-content\/uploads\/2017\/12\/20171228_143111-1024x768.jpg 1024w, https:\/\/szkolyalfaiomega.pl\/wp-content\/uploads\/2017\/12\/20171228_143111.jpg 2048w\" sizes=\"(max-width: 188px) 100vw, 188px\" \/><\/a> <a href=\"https:\/\/szkolyalfaiomega.pl\/wp-content\/uploads\/2017\/12\/20171228_143247.jpg\"><img loading=\"lazy\" decoding=\"async\" class=\"alignleft wp-image-2320\" src=\"https:\/\/szkolyalfaiomega.pl\/wp-content\/uploads\/2017\/12\/20171228_143247-300x225.jpg\" alt=\"\" width=\"189\" height=\"142\" srcset=\"https:\/\/szkolyalfaiomega.pl\/wp-content\/uploads\/2017\/12\/20171228_143247-300x225.jpg 300w, https:\/\/szkolyalfaiomega.pl\/wp-content\/uploads\/2017\/12\/20171228_143247-768x576.jpg 768w, https:\/\/szkolyalfaiomega.pl\/wp-content\/uploads\/2017\/12\/20171228_143247-1024x768.jpg 1024w, https:\/\/szkolyalfaiomega.pl\/wp-content\/uploads\/2017\/12\/20171228_143247.jpg 2048w\" sizes=\"(max-width: 189px) 100vw, 189px\" \/><\/a> <a href=\"https:\/\/szkolyalfaiomega.pl\/wp-content\/uploads\/2017\/12\/20171228_143415.jpg\"><img loading=\"lazy\" decoding=\"async\" class=\"alignleft wp-image-2321\" src=\"https:\/\/szkolyalfaiomega.pl\/wp-content\/uploads\/2017\/12\/20171228_143415-300x225.jpg\" alt=\"\" width=\"187\" height=\"141\" srcset=\"https:\/\/szkolyalfaiomega.pl\/wp-content\/uploads\/2017\/12\/20171228_143415-300x225.jpg 300w, https:\/\/szkolyalfaiomega.pl\/wp-content\/uploads\/2017\/12\/20171228_143415-768x576.jpg 768w, https:\/\/szkolyalfaiomega.pl\/wp-content\/uploads\/2017\/12\/20171228_143415-1024x768.jpg 1024w, https:\/\/szkolyalfaiomega.pl\/wp-content\/uploads\/2017\/12\/20171228_143415.jpg 2048w\" sizes=\"(max-width: 187px) 100vw, 187px\" \/><\/a><a href=\"https:\/\/szkolyalfaiomega.pl\/wp-content\/uploads\/2017\/12\/20171229_175204.jpg\"><img loading=\"lazy\" decoding=\"async\" class=\"wp-image-2324 alignleft\" src=\"https:\/\/szkolyalfaiomega.pl\/wp-content\/uploads\/2017\/12\/20171229_175204-300x225.jpg\" alt=\"\" width=\"188\" height=\"141\" srcset=\"https:\/\/szkolyalfaiomega.pl\/wp-content\/uploads\/2017\/12\/20171229_175204-300x225.jpg 300w, https:\/\/szkolyalfaiomega.pl\/wp-content\/uploads\/2017\/12\/20171229_175204-768x576.jpg 768w, https:\/\/szkolyalfaiomega.pl\/wp-content\/uploads\/2017\/12\/20171229_175204-1024x768.jpg 1024w, https:\/\/szkolyalfaiomega.pl\/wp-content\/uploads\/2017\/12\/20171229_175204.jpg 2048w\" sizes=\"(max-width: 188px) 100vw, 188px\" \/><\/a> <a href=\"https:\/\/szkolyalfaiomega.pl\/wp-content\/uploads\/2017\/12\/20171229_135500.jpg\"><img loading=\"lazy\" decoding=\"async\" class=\"alignleft wp-image-2323\" src=\"https:\/\/szkolyalfaiomega.pl\/wp-content\/uploads\/2017\/12\/20171229_135500-300x225.jpg\" alt=\"\" width=\"187\" height=\"140\" srcset=\"https:\/\/szkolyalfaiomega.pl\/wp-content\/uploads\/2017\/12\/20171229_135500-300x225.jpg 300w, https:\/\/szkolyalfaiomega.pl\/wp-content\/uploads\/2017\/12\/20171229_135500-768x576.jpg 768w, https:\/\/szkolyalfaiomega.pl\/wp-content\/uploads\/2017\/12\/20171229_135500-1024x768.jpg 1024w, https:\/\/szkolyalfaiomega.pl\/wp-content\/uploads\/2017\/12\/20171229_135500.jpg 2048w\" sizes=\"(max-width: 187px) 100vw, 187px\" \/><\/a><\/p>\n","protected":false},"excerpt":{"rendered":"<p>W razie pyta\u0144, uwag, sugestii &#8211; dzwo\u0144 &#8211;\u00a0732 636 604, 605 889 473 Chcesz, by twoje dziecko uczestniczy\u0142o w naszych warsztatach? Otw\u00f3rz wybrany grafik zaj\u0119\u0107 (nazwa plac\u00f3wki, szko\u0142y, przedszkola)\u00a0 &#8211; dost\u0119pny poni\u017cej Wybierz dzie\u0144, godzin\u0119 i grup\u0119 wiekow\u0105 Korzystaj\u0105c z adresu mailowego: biuro@szkolyalfaiomega.pl lub formularza zg\u0142oszeniowego podaj: \u00a0imi\u0119 i nazwisko dziecka, wiek dziecka, numer telefonu [&hellip;]<\/p>\n","protected":false},"author":1,"featured_media":0,"parent":0,"menu_order":0,"comment_status":"closed","ping_status":"closed","template":"","meta":{"footnotes":""},"_links":{"self":[{"href":"https:\/\/szkolyalfaiomega.pl\/index.php?rest_route=\/wp\/v2\/pages\/2198"}],"collection":[{"href":"https:\/\/szkolyalfaiomega.pl\/index.php?rest_route=\/wp\/v2\/pages"}],"about":[{"href":"https:\/\/szkolyalfaiomega.pl\/index.php?rest_route=\/wp\/v2\/types\/page"}],"author":[{"embeddable":true,"href":"https:\/\/szkolyalfaiomega.pl\/index.php?rest_route=\/wp\/v2\/users\/1"}],"replies":[{"embeddable":true,"href":"https:\/\/szkolyalfaiomega.pl\/index.php?rest_route=%2Fwp%2Fv2%2Fcomments&post=2198"}],"version-history":[{"count":165,"href":"https:\/\/szkolyalfaiomega.pl\/index.php?rest_route=\/wp\/v2\/pages\/2198\/revisions"}],"predecessor-version":[{"id":4636,"href":"https:\/\/szkolyalfaiomega.pl\/index.php?rest_route=\/wp\/v2\/pages\/2198\/revisions\/4636"}],"wp:attachment":[{"href":"https:\/\/szkolyalfaiomega.pl\/index.php?rest_route=%2Fwp%2Fv2%2Fmedia&parent=2198"}],"curies":[{"name":"wp","href":"https:\/\/api.w.org\/{rel}","templated":true}]}}